{"id":1199,"date":"2021-04-28T08:43:51","date_gmt":"2021-04-28T06:43:51","guid":{"rendered":"http:\/\/mieszko.edu.pl\/liceum\/?page_id=1199"},"modified":"2022-12-08T14:33:12","modified_gmt":"2022-12-08T13:33:12","slug":"profil-matematyczno-przyrodniczy","status":"publish","type":"page","link":"https:\/\/mieszko.edu.pl\/liceum\/o-liceum\/jak-ksztalcimy\/profil-matematyczno-przyrodniczy\/","title":{"rendered":"Profil matematyczno-geograficzny"},"content":{"rendered":"\n<div class=\"wp-block-media-text alignwide is-stacked-on-mobile\"><figure class=\"wp-block-media-text__media\"><\/figure><div class=\"wp-block-media-text__content\">\n<p class=\"has-large-font-size\"><\/p>\n<\/div><\/div>\n\n\n\n<p>Profil ten jest skierowany do uczni\u00f3w zainteresowanych naukami \u015bcis\u0142ymi, szczeg\u00f3lnie matematyk\u0105 i geografi\u0105.<\/p>\n\n\n\n<p>Profil matematyczno-geograficzny pozwoli uczniom zdawa\u0107 egzamin maturalny z wybranych przedmiot\u00f3w na poziomie rozszerzonym, umo\u017cliwiaj\u0105c dobry start na r\u00f3\u017cne kierunki studi\u00f3w wy\u017cszych, m.in.: ekonomi\u0119, matematyk\u0119, budownictwo, architektur\u0119, geodezj\u0119, zarz\u0105dzanie, logistyk\u0119, architektur\u0119 krajobrazu i wiele innych.<\/p>\n\n\n\n<p><strong>Przedmioty rozszerzone<\/strong> realizowane na poziomie rozszerzonym to :<\/p>\n\n\n\n<p>&#8211;<strong> matematyka<\/strong><\/p>\n\n\n\n<p><strong>&#8211; geografia<\/strong><\/p>\n\n\n\n<p><strong>&#8211; j\u0119zyk angielski<\/strong><\/p>\n\n\n\n<p>Uczniowie, kt\u00f3rzy zgodnie ze swoimi zainteresowaniami  wybior\u0105 profil matematyczno-geograficzny, b\u0119d\u0105 mieli mo\u017cliwo\u015b\u0107 uczestniczenia w zaj\u0119ciach fakultatywnych organizowanych poza planem zaj\u0119\u0107, np.:<\/p>\n\n\n\n<p>&#8211; k\u00f3\u0142ko turystyczno-krajoznawcze<\/p>\n\n\n\n<p>&#8211; programowanie<\/p>\n\n\n\n<p>&#8211; wyk\u0142ady akademickie<\/p>\n\n\n\n<p>&#8211; podstawy medycyny ratowniczej<\/p>\n","protected":false},"excerpt":{"rendered":"<p>Profil ten jest skierowany do uczni\u00f3w zainteresowanych naukami \u015bcis\u0142ymi, szczeg\u00f3lnie matematyk\u0105 i geografi\u0105. Profil matematyczno-geograficzny pozwoli uczniom zdawa\u0107 egzamin maturalny z wybranych przedmiot\u00f3w na poziomie rozszerzonym, umo\u017cliwiaj\u0105c dobry start na r\u00f3\u017cne kierunki studi\u00f3w wy\u017cszych, m.in.: ekonomi\u0119, matematyk\u0119, budownictwo, architektur\u0119, geodezj\u0119, zarz\u0105dzanie, logistyk\u0119, architektur\u0119 krajobrazu i wiele innych. Przedmioty rozszerzone realizowane na poziomie rozszerzonym to :&#8230;<\/p>\n","protected":false},"author":7,"featured_media":457,"parent":174,"menu_order":0,"comment_status":"closed","ping_status":"closed","template":"","meta":{"footnotes":""},"class_list":["post-1199","page","type-page","status-publish","has-post-thumbnail","hentry"],"_links":{"self":[{"href":"https:\/\/mieszko.edu.pl\/liceum\/wp-json\/wp\/v2\/pages\/1199","targetHints":{"allow":["GET"]}}],"collection":[{"href":"https:\/\/mieszko.edu.pl\/liceum\/wp-json\/wp\/v2\/pages"}],"about":[{"href":"https:\/\/mieszko.edu.pl\/liceum\/wp-json\/wp\/v2\/types\/page"}],"author":[{"embeddable":true,"href":"https:\/\/mieszko.edu.pl\/liceum\/wp-json\/wp\/v2\/users\/7"}],"replies":[{"embeddable":true,"href":"https:\/\/mieszko.edu.pl\/liceum\/wp-json\/wp\/v2\/comments?post=1199"}],"version-history":[{"count":11,"href":"https:\/\/mieszko.edu.pl\/liceum\/wp-json\/wp\/v2\/pages\/1199\/revisions"}],"predecessor-version":[{"id":2070,"href":"https:\/\/mieszko.edu.pl\/liceum\/wp-json\/wp\/v2\/pages\/1199\/revisions\/2070"}],"up":[{"embeddable":true,"href":"https:\/\/mieszko.edu.pl\/liceum\/wp-json\/wp\/v2\/pages\/174"}],"wp:featuredmedia":[{"embeddable":true,"href":"https:\/\/mieszko.edu.pl\/liceum\/wp-json\/wp\/v2\/media\/457"}],"wp:attachment":[{"href":"https:\/\/mieszko.edu.pl\/liceum\/wp-json\/wp\/v2\/media?parent=1199"}],"curies":[{"name":"wp","href":"https:\/\/api.w.org\/{rel}","templated":true}]}}