{"id":1325,"date":"2021-07-19T08:47:33","date_gmt":"2021-07-19T06:47:33","guid":{"rendered":"http:\/\/mieszko.edu.pl\/liceum\/?page_id=1325"},"modified":"2025-10-17T09:59:17","modified_gmt":"2025-10-17T07:59:17","slug":"matury","status":"publish","type":"page","link":"https:\/\/mieszko.edu.pl\/liceum\/dla-uczniow\/matury\/","title":{"rendered":"Matura"},"content":{"rendered":"\r\n<h2 class=\"wp-block-heading\">Matura w formule od 2023 roku<\/h2>\r\n\r\n\r\n\r\n<p><a href=\"https:\/\/cke.gov.pl\/egzamin-maturalny\/egzamin-maturalny-w-formule-2023\/podstawa-programowa\/\">Podstawa programowa<\/a><\/p>\r\n\r\n\r\n\r\n<p><a href=\"https:\/\/cke.gov.pl\/egzamin-maturalny\/egzamin-maturalny-w-formule-2023\/informatory\/\">Informatory<\/a><\/p>\r\n\r\n\r\n\r\n<p><a href=\"https:\/\/cke.gov.pl\/images\/_EGZAMIN_MATURALNY_OD_2023\/komunikaty\/2026\/komunikaty\/20250820%20E8%20EM%20Komunikat%20o%20harmonogramie%202026.pdf\">Harmonogram egzamin\u00f3w w roku szkolnym 2025\/2026<\/a><\/p>\r\n\r\n\r\n\r\n<p><a href=\"https:\/\/cke.gov.pl\/images\/_EGZAMIN_MATURALNY_OD_2023\/komunikaty\/2026\/komunikaty\/20251010%20EM%20Komunikat%20o%20dostosowaniach%202026_aktualizacja.pdf\">Komunikat w sprawie szczeg\u00f3\u0142owych sposob\u00f3w dostosowania warunk\u00f3w i form przeprowadzania egzaminu maturalnego<\/a><\/p>\r\n\r\n\r\n\r\n<p><a href=\"https:\/\/cke.gov.pl\/egzamin-maturalny\/egzamin-maturalny-w-formule-2023\/arkusze\/\">Arkusze<\/a><\/p>\r\n\r\n\r\n\r\n<p><a href=\"https:\/\/cke.gov.pl\/egzamin-maturalny\/egzamin-maturalny-w-formule-2023\/materialy-dodatkowe\/\">Arkusze diagnostyczne<\/a><\/p>\r\n\r\n\r\n\r\n<p><a href=\"https:\/\/cke.gov.pl\/images\/_EGZAMIN_MATURALNY_OD_2023\/komunikaty\/2025_2026\/J%C4%98ZYK%20POLSKI_Zadania%20jawne%20na%202026%20r._2027%20r.%20i%202028%20r.%20_KOMUNIKAT.pdf\">Pytania do cz\u0119\u015bci ustnej egzaminu maturalnego z j. polskiego<\/a><\/p>\r\n","protected":false},"excerpt":{"rendered":"<p>Matura w formule od 2023 roku Podstawa programowa Informatory Harmonogram egzamin\u00f3w w roku szkolnym 2025\/2026 Komunikat w sprawie szczeg\u00f3\u0142owych sposob\u00f3w dostosowania warunk\u00f3w i form przeprowadzania egzaminu maturalnego Arkusze Arkusze diagnostyczne Pytania do cz\u0119\u015bci ustnej egzaminu maturalnego z j. polskiego<\/p>\n","protected":false},"author":7,"featured_media":1365,"parent":177,"menu_order":7,"comment_status":"closed","ping_status":"closed","template":"","meta":{"footnotes":""},"class_list":["post-1325","page","type-page","status-publish","has-post-thumbnail","hentry"],"_links":{"self":[{"href":"https:\/\/mieszko.edu.pl\/liceum\/wp-json\/wp\/v2\/pages\/1325","targetHints":{"allow":["GET"]}}],"collection":[{"href":"https:\/\/mieszko.edu.pl\/liceum\/wp-json\/wp\/v2\/pages"}],"about":[{"href":"https:\/\/mieszko.edu.pl\/liceum\/wp-json\/wp\/v2\/types\/page"}],"author":[{"embeddable":true,"href":"https:\/\/mieszko.edu.pl\/liceum\/wp-json\/wp\/v2\/users\/7"}],"replies":[{"embeddable":true,"href":"https:\/\/mieszko.edu.pl\/liceum\/wp-json\/wp\/v2\/comments?post=1325"}],"version-history":[{"count":15,"href":"https:\/\/mieszko.edu.pl\/liceum\/wp-json\/wp\/v2\/pages\/1325\/revisions"}],"predecessor-version":[{"id":3990,"href":"https:\/\/mieszko.edu.pl\/liceum\/wp-json\/wp\/v2\/pages\/1325\/revisions\/3990"}],"up":[{"embeddable":true,"href":"https:\/\/mieszko.edu.pl\/liceum\/wp-json\/wp\/v2\/pages\/177"}],"wp:featuredmedia":[{"embeddable":true,"href":"https:\/\/mieszko.edu.pl\/liceum\/wp-json\/wp\/v2\/media\/1365"}],"wp:attachment":[{"href":"https:\/\/mieszko.edu.pl\/liceum\/wp-json\/wp\/v2\/media?parent=1325"}],"curies":[{"name":"wp","href":"https:\/\/api.w.org\/{rel}","templated":true}]}}