{"id":1332,"date":"2021-07-19T08:56:34","date_gmt":"2021-07-19T06:56:34","guid":{"rendered":"http:\/\/mieszko.edu.pl\/liceum\/?page_id=1332"},"modified":"2025-10-17T10:07:13","modified_gmt":"2025-10-17T08:07:13","slug":"lista-lektur","status":"publish","type":"page","link":"https:\/\/mieszko.edu.pl\/liceum\/dla-uczniow\/lista-lektur\/","title":{"rendered":"Lista lektur"},"content":{"rendered":"\r\n\r\n\r\n<h2 class=\"wp-block-heading\">Nowa matura od 2023<br \/><br \/><\/h2>\r\n\r\n\r\n\r\n<p><a href=\"https:\/\/mieszko.edu.pl\/liceum\/wp-content\/uploads\/2021\/07\/Lektury-klasa-I.pdf\">Lista lektur klasa I<\/a><\/p>\r\n\r\n\r\n\r\n<p><a href=\"https:\/\/mieszko.edu.pl\/liceum\/wp-content\/uploads\/2021\/07\/Lektury-klasa-II.pdf\">Lista lektur klasa II<\/a><\/p>\r\n\r\n\r\n\r\n<p><a href=\"https:\/\/mieszko.edu.pl\/liceum\/wp-content\/uploads\/2021\/07\/Lektury-klasa-III.pdf\">Lista lektur klasa III<\/a><\/p>\r\n\r\n\r\n\r\n<p><a href=\"https:\/\/mieszko.edu.pl\/liceum\/wp-content\/uploads\/2025\/10\/lektury.pdf\">Lista lektur obowi\u0105zkowych, do kt\u00f3rych mo\u017cna si\u0119 odwo\u0142a\u0107 w wypracowaniu maturalnym (poziom podstawowy\/rozszerzony)<\/a><\/p>\r\n\r\n\r\n\r\n<p>&nbsp;<\/p>\r\n","protected":false},"excerpt":{"rendered":"<p>Nowa matura od 2023 Lista lektur klasa I Lista lektur klasa II Lista lektur klasa III &nbsp;<\/p>\n","protected":false},"author":7,"featured_media":381,"parent":177,"menu_order":6,"comment_status":"closed","ping_status":"closed","template":"","meta":{"footnotes":""},"class_list":["post-1332","page","type-page","status-publish","has-post-thumbnail","hentry"],"_links":{"self":[{"href":"https:\/\/mieszko.edu.pl\/liceum\/wp-json\/wp\/v2\/pages\/1332","targetHints":{"allow":["GET"]}}],"collection":[{"href":"https:\/\/mieszko.edu.pl\/liceum\/wp-json\/wp\/v2\/pages"}],"about":[{"href":"https:\/\/mieszko.edu.pl\/liceum\/wp-json\/wp\/v2\/types\/page"}],"author":[{"embeddable":true,"href":"https:\/\/mieszko.edu.pl\/liceum\/wp-json\/wp\/v2\/users\/7"}],"replies":[{"embeddable":true,"href":"https:\/\/mieszko.edu.pl\/liceum\/wp-json\/wp\/v2\/comments?post=1332"}],"version-history":[{"count":7,"href":"https:\/\/mieszko.edu.pl\/liceum\/wp-json\/wp\/v2\/pages\/1332\/revisions"}],"predecessor-version":[{"id":3995,"href":"https:\/\/mieszko.edu.pl\/liceum\/wp-json\/wp\/v2\/pages\/1332\/revisions\/3995"}],"up":[{"embeddable":true,"href":"https:\/\/mieszko.edu.pl\/liceum\/wp-json\/wp\/v2\/pages\/177"}],"wp:featuredmedia":[{"embeddable":true,"href":"https:\/\/mieszko.edu.pl\/liceum\/wp-json\/wp\/v2\/media\/381"}],"wp:attachment":[{"href":"https:\/\/mieszko.edu.pl\/liceum\/wp-json\/wp\/v2\/media?parent=1332"}],"curies":[{"name":"wp","href":"https:\/\/api.w.org\/{rel}","templated":true}]}}