{"id":15,"date":"2019-12-04T15:21:36","date_gmt":"2019-12-04T14:21:36","guid":{"rendered":"http:\/\/mieszko.edu.pl\/liceum\/newsletter\/"},"modified":"2019-12-28T20:05:11","modified_gmt":"2019-12-28T19:05:11","slug":"start","status":"publish","type":"page","link":"https:\/\/mieszko.edu.pl\/liceum\/","title":{"rendered":"Start"},"content":{"rendered":"<p>Zawarto\u015b\u0107 tej strony nie jest widoczna. Prosz\u0119 jej nie edytowa\u0107. Na stronie g\u0142\u00f3wnej pojawiaj\u0105 si\u0119 wy\u0142\u0105cznie sekcje podrz\u0119dne.<\/p>\n\n\n<p><\/p>\n","protected":false},"excerpt":{"rendered":"<p>Zawarto\u015b\u0107 tej strony nie jest widoczna. Prosz\u0119 jej nie edytowa\u0107. Na stronie g\u0142\u00f3wnej pojawiaj\u0105 si\u0119 wy\u0142\u0105cznie sekcje podrz\u0119dne.<\/p>\n","protected":false},"author":1,"featured_media":0,"parent":0,"menu_order":0,"comment_status":"closed","ping_status":"closed","template":"","meta":{"footnotes":""},"class_list":["post-15","page","type-page","status-publish","hentry"],"_links":{"self":[{"href":"https:\/\/mieszko.edu.pl\/liceum\/wp-json\/wp\/v2\/pages\/15","targetHints":{"allow":["GET"]}}],"collection":[{"href":"https:\/\/mieszko.edu.pl\/liceum\/wp-json\/wp\/v2\/pages"}],"about":[{"href":"https:\/\/mieszko.edu.pl\/liceum\/wp-json\/wp\/v2\/types\/page"}],"author":[{"embeddable":true,"href":"https:\/\/mieszko.edu.pl\/liceum\/wp-json\/wp\/v2\/users\/1"}],"replies":[{"embeddable":true,"href":"https:\/\/mieszko.edu.pl\/liceum\/wp-json\/wp\/v2\/comments?post=15"}],"version-history":[{"count":4,"href":"https:\/\/mieszko.edu.pl\/liceum\/wp-json\/wp\/v2\/pages\/15\/revisions"}],"predecessor-version":[{"id":30,"href":"https:\/\/mieszko.edu.pl\/liceum\/wp-json\/wp\/v2\/pages\/15\/revisions\/30"}],"wp:attachment":[{"href":"https:\/\/mieszko.edu.pl\/liceum\/wp-json\/wp\/v2\/media?parent=15"}],"curies":[{"name":"wp","href":"https:\/\/api.w.org\/{rel}","templated":true}]}}