{"id":158,"date":"2019-12-19T18:04:01","date_gmt":"2019-12-19T17:04:01","guid":{"rendered":"http:\/\/mieszko.edu.pl\/liceum\/?page_id=158"},"modified":"2025-07-17T10:36:40","modified_gmt":"2025-07-17T08:36:40","slug":"informacje","status":"publish","type":"page","link":"https:\/\/mieszko.edu.pl\/liceum\/rekrutacja\/informacje\/","title":{"rendered":"Informacje dla kandydata"},"content":{"rendered":"\r\n<p>Zapisy do <strong>Prywatnego Liceum Og\u00f3lnokszta\u0142c\u0105cego MIESZKO<\/strong> przyjmowane s\u0105 na podstawie <strong><a href=\"https:\/\/mieszko.edu.pl\/liceum\/rekrutacja\/dokumenty\/\">karty zg\u0142oszenia Ucznia do liceum<\/a>.<\/strong> Karty mo\u017cna pobra\u0107 ze strony internetowej, i odes\u0142a\u0107 na adres <a href=\"mailto:sekretariat@mieszko.edu.pl\">sekretariat@mieszko.edu.pl<\/a> lub poczt\u0105 tradycyjn\u0105. Mo\u017cna je r\u00f3wnie\u017c pobra\u0107 i wype\u0142ni\u0107 w sekretariacie liceum, przy ul. \u015awierzawskiej 18.<\/p>\r\n\r\n\r\n\r\n<p>Nie przeprowadzamy egzamin\u00f3w, o przyj\u0119ciu decyduje kolejno\u015b\u0107 zg\u0142osze\u0144 oraz wp\u0142ata wpisowego. Nasza szko\u0142a dzia\u0142a poza systemem rekrutacji do szk\u00f3\u0142 publicznych i mo\u017cna si\u0119 do nas zg\u0142osi\u0107 w dowolnym momencie pod warunkiem dost\u0119pno\u015bci miejsc.<\/p>\r\n\r\n\r\n\r\n<div class=\"wp-block-spacer\" style=\"height: 20px;\" aria-hidden=\"true\">\u00a0<\/div>\r\n\r\n\r\n\r\n<h2 class=\"wp-block-heading\">Rekrutacja krok po kroku<\/h2>\r\n\r\n\r\n\r\n<ol class=\"wp-block-list\">\r\n<li>Wype\u0142nienie i dostarczenie formularza <strong><a href=\"https:\/\/mieszko.edu.pl\/liceum\/rekrutacja\/dokumenty\/\">karty zg\u0142oszenia<\/a><\/strong>.<\/li>\r\n\r\n\r\n\r\n<li>Wp\u0142ata wpisowego.<\/li>\r\n\r\n\r\n\r\n<li>Po zako\u0144czeniu roku szkolnego prosimy o potwierdzenie zapisu poprzez dostarczenie:\r\n<ul class=\"wp-block-list\">\r\n<li>\u015bwiadectwa uko\u0144czenia szko\u0142y,<\/li>\r\n\r\n\r\n\r\n<li>za\u015bwiadczenia o wynikach egzaminu \u00f3smoklasisty,<\/li>\r\n\r\n\r\n\r\n<li>kserokopii aktu urodzenia,<\/li>\r\n\r\n\r\n\r\n<li>2 zdj\u0119cia legitymacyjne,<\/li>\r\n\r\n\r\n\r\n<li>dodatkowych dokument\u00f3w (opinie, orzeczenia itp.),<\/li>\r\n\r\n\r\n\r\n<li><a href=\"https:\/\/mieszko.edu.pl\/liceum\/wp-content\/uploads\/2025\/07\/Deklaracja-profil-klasy-25-26.pdf\">deklaracji o wyborze profilu klasy,<\/a><\/li>\r\n\r\n\r\n\r\n\r\n\r\n<li><a href=\"https:\/\/mieszko.edu.pl\/liceum\/wp-content\/uploads\/2025\/07\/Deklaracja-wyboru-drugiego-jezyka-religii-etyki-ed.zd-2025-2026.pdf\">deklaracji wyboru drugiego j\u0119zyka.<\/a><\/li>\r\n<\/ul>\r\n<\/li>\r\n\r\n\r\n\r\n<li>Rodzice zawieraj\u0105 ze szko\u0142\u0105 umow\u0119 o nauk\u0119.<\/li>\r\n\r\n\r\n\r\n<li>Spotkanie informacyjne dla rodzic\u00f3w &#8211; <strong>termin zostanie podany na stronie szko\u0142y i na Facebooku.<\/strong><\/li>\r\n<\/ol>\r\n\r\n\r\n\r\n<p>&nbsp;<\/p>\r\n","protected":false},"excerpt":{"rendered":"<p>Zapisy do Prywatnego Liceum Og\u00f3lnokszta\u0142c\u0105cego MIESZKO przyjmowane s\u0105 na podstawie karty zg\u0142oszenia Ucznia do liceum. Karty mo\u017cna pobra\u0107 ze strony internetowej, i odes\u0142a\u0107 na adres sekretariat@mieszko.edu.pl lub poczt\u0105 tradycyjn\u0105. Mo\u017cna je r\u00f3wnie\u017c pobra\u0107 i wype\u0142ni\u0107 w sekretariacie liceum, przy ul. \u015awierzawskiej 18. Nie przeprowadzamy egzamin\u00f3w, o przyj\u0119ciu decyduje kolejno\u015b\u0107 zg\u0142osze\u0144 oraz wp\u0142ata wpisowego. Nasza szko\u0142a&#8230;<\/p>\n","protected":false},"author":1,"featured_media":490,"parent":181,"menu_order":0,"comment_status":"closed","ping_status":"closed","template":"","meta":{"footnotes":""},"class_list":["post-158","page","type-page","status-publish","has-post-thumbnail","hentry"],"_links":{"self":[{"href":"https:\/\/mieszko.edu.pl\/liceum\/wp-json\/wp\/v2\/pages\/158","targetHints":{"allow":["GET"]}}],"collection":[{"href":"https:\/\/mieszko.edu.pl\/liceum\/wp-json\/wp\/v2\/pages"}],"about":[{"href":"https:\/\/mieszko.edu.pl\/liceum\/wp-json\/wp\/v2\/types\/page"}],"author":[{"embeddable":true,"href":"https:\/\/mieszko.edu.pl\/liceum\/wp-json\/wp\/v2\/users\/1"}],"replies":[{"embeddable":true,"href":"https:\/\/mieszko.edu.pl\/liceum\/wp-json\/wp\/v2\/comments?post=158"}],"version-history":[{"count":20,"href":"https:\/\/mieszko.edu.pl\/liceum\/wp-json\/wp\/v2\/pages\/158\/revisions"}],"predecessor-version":[{"id":3899,"href":"https:\/\/mieszko.edu.pl\/liceum\/wp-json\/wp\/v2\/pages\/158\/revisions\/3899"}],"up":[{"embeddable":true,"href":"https:\/\/mieszko.edu.pl\/liceum\/wp-json\/wp\/v2\/pages\/181"}],"wp:featuredmedia":[{"embeddable":true,"href":"https:\/\/mieszko.edu.pl\/liceum\/wp-json\/wp\/v2\/media\/490"}],"wp:attachment":[{"href":"https:\/\/mieszko.edu.pl\/liceum\/wp-json\/wp\/v2\/media?parent=158"}],"curies":[{"name":"wp","href":"https:\/\/api.w.org\/{rel}","templated":true}]}}