{"id":1714,"date":"2022-06-10T09:10:39","date_gmt":"2022-06-10T07:10:39","guid":{"rendered":"http:\/\/mieszko.edu.pl\/liceum\/?page_id=1714"},"modified":"2022-12-08T14:46:34","modified_gmt":"2022-12-08T13:46:34","slug":"profil-biologiczny-z-rozszerzonym-j-angielskim","status":"publish","type":"page","link":"https:\/\/mieszko.edu.pl\/liceum\/o-liceum\/jak-ksztalcimy\/profil-biologiczny-z-rozszerzonym-j-angielskim\/","title":{"rendered":"Profil biologiczny z rozszerzonym j\u0119zykiem angielskim"},"content":{"rendered":"\n<p>Profil ten skierowany jest do uczni\u00f3w nastawionych na rzetelne i sytematyczne pog\u0142\u0119bianie wiedzy z biologii oraz tych, kt\u00f3rzy my\u015bl\u0105 o wyborze kierunk\u00f3w studi\u00f3w przyrodniczych lub medycznych.<\/p>\n\n\n\n<p>Profil biologiczny z rozszerzonym j. angielskim jest idealnym wyborem dla uczni\u00f3w, kt\u00f3rzy w przysz\u0142o\u015bci chc\u0105 studiowa\u0107: medycyn\u0119, farmacj\u0119, stomatologi\u0119, piel\u0119gniarstwo, biotechnologi\u0119, kosmetologi\u0119, fizjoterapi\u0119, ratownictwo medyczne, psychologi\u0119, dietetyk\u0119, ochron\u0119 \u015brodowiska i wiele innych.<\/p>\n\n\n\n<p><strong>Przedmioty rozszerzone<\/strong>, kt\u00f3re ucze\u0144 realizuje wybieraj\u0105c profil, to:<\/p>\n\n\n\n<ul class=\"wp-block-list\"><li><strong>biologia<\/strong><\/li><li><strong>j\u0119zyk angielski<\/strong><\/li><\/ul>\n\n\n\n<p>Uczniowie, kt\u00f3rzy zgodnie ze swoimi zainteresowaniami (poza przedmiotami rozszerzonymi) wybior\u0105 niniejszy profil, b\u0119d\u0105 mieli mo\u017cliwo\u015b\u0107 uczestniczenia w zaj\u0119ciach fakultatywnych organizowanych poza planem zaj\u0119\u0107, np.:<\/p>\n\n\n\n<ul class=\"wp-block-list\"><li>zaj\u0119cia w laboratorium chemicznym<\/li><li>zaj\u0119cia praktyczne z zakresu ratownictwa medycznego i piel\u0119gniarstwa<\/li><li>wyk\u0142ady akademickie<\/li><li>programowanie<\/li><\/ul>\n","protected":false},"excerpt":{"rendered":"<p>Profil ten skierowany jest do uczni\u00f3w nastawionych na rzetelne i sytematyczne pog\u0142\u0119bianie wiedzy z biologii oraz tych, kt\u00f3rzy my\u015bl\u0105 o wyborze kierunk\u00f3w studi\u00f3w przyrodniczych lub medycznych. Profil biologiczny z rozszerzonym j. angielskim jest idealnym wyborem dla uczni\u00f3w, kt\u00f3rzy w przysz\u0142o\u015bci chc\u0105 studiowa\u0107: medycyn\u0119, farmacj\u0119, stomatologi\u0119, piel\u0119gniarstwo, biotechnologi\u0119, kosmetologi\u0119, fizjoterapi\u0119, ratownictwo medyczne, psychologi\u0119, dietetyk\u0119, ochron\u0119 \u015brodowiska&#8230;<\/p>\n","protected":false},"author":7,"featured_media":1715,"parent":174,"menu_order":4,"comment_status":"closed","ping_status":"closed","template":"","meta":{"footnotes":""},"class_list":["post-1714","page","type-page","status-publish","has-post-thumbnail","hentry"],"_links":{"self":[{"href":"https:\/\/mieszko.edu.pl\/liceum\/wp-json\/wp\/v2\/pages\/1714","targetHints":{"allow":["GET"]}}],"collection":[{"href":"https:\/\/mieszko.edu.pl\/liceum\/wp-json\/wp\/v2\/pages"}],"about":[{"href":"https:\/\/mieszko.edu.pl\/liceum\/wp-json\/wp\/v2\/types\/page"}],"author":[{"embeddable":true,"href":"https:\/\/mieszko.edu.pl\/liceum\/wp-json\/wp\/v2\/users\/7"}],"replies":[{"embeddable":true,"href":"https:\/\/mieszko.edu.pl\/liceum\/wp-json\/wp\/v2\/comments?post=1714"}],"version-history":[{"count":3,"href":"https:\/\/mieszko.edu.pl\/liceum\/wp-json\/wp\/v2\/pages\/1714\/revisions"}],"predecessor-version":[{"id":2078,"href":"https:\/\/mieszko.edu.pl\/liceum\/wp-json\/wp\/v2\/pages\/1714\/revisions\/2078"}],"up":[{"embeddable":true,"href":"https:\/\/mieszko.edu.pl\/liceum\/wp-json\/wp\/v2\/pages\/174"}],"wp:featuredmedia":[{"embeddable":true,"href":"https:\/\/mieszko.edu.pl\/liceum\/wp-json\/wp\/v2\/media\/1715"}],"wp:attachment":[{"href":"https:\/\/mieszko.edu.pl\/liceum\/wp-json\/wp\/v2\/media?parent=1714"}],"curies":[{"name":"wp","href":"https:\/\/api.w.org\/{rel}","templated":true}]}}