{"id":172,"date":"2019-12-23T16:21:50","date_gmt":"2019-12-23T15:21:50","guid":{"rendered":"http:\/\/mieszko.edu.pl\/liceum\/?page_id=172"},"modified":"2022-11-23T10:15:09","modified_gmt":"2022-11-23T09:15:09","slug":"nasza-misja","status":"publish","type":"page","link":"https:\/\/mieszko.edu.pl\/liceum\/o-liceum\/nasza-misja\/","title":{"rendered":"Misja szko\u0142y"},"content":{"rendered":"\n<p>Priorytetem w dzia\u0142aniach naszej kadry pedagogicznej jest wspieranie m\u0142odzie\u017cy w zdobywaniu wiedzy, umiej\u0119tno\u015bci i kompetencji spo\u0142ecznych, kt\u00f3re umo\u017cliwi\u0105 im w\u0142a\u015bciw\u0105 interpretacj\u0119 zmieniaj\u0105cej si\u0119 rzeczywisto\u015bci. Mamy nadziej\u0119, \u017ce pomo\u017ce to naszym uczniom dokonywa\u0107 w\u0142a\u015bciwych i \u015bwiadomych wybor\u00f3w zwi\u0105zanych z kszta\u0142towaniem swojej jednostkowej i spo\u0142ecznej to\u017csamo\u015bci, kt\u00f3rej efektem b\u0119dzie budowanie prawid\u0142owych, opartych na wzajemnym szacunku relacji. Chcemy rozwija\u0107 zar\u00f3wno zainteresowania i pasje m\u0142odych ludzi, wzmacnia\u0107 poczucie ich w\u0142asnej warto\u015bci, ale tak\u017ce wyposa\u017cy\u0107 ich w niezwykle wa\u017cne w dzisiejszym \u015bwiecie umiej\u0119tno\u015bci wsp\u00f3\u0142pracy i wsp\u00f3\u0142dzia\u0142ania w grupie.<\/p>\n\n\n\n<p><strong>G\u0142\u00f3wnymi celami pracy pedagogicznej naszej szko\u0142y s\u0105:<\/strong><\/p>\n\n\n\n<ul class=\"wp-block-list\"><li>dba\u0142o\u015b\u0107 o wszechstronny rozw\u00f3j intelektualny naszych wychowank\u00f3w,<\/li><li>rozbudzanie ciekawo\u015bci poznawczej ka\u017cdego ucznia,<\/li><li>wyposa\u017cenie naszych uczni\u00f3w w umiej\u0119tno\u015b\u0107 budowania prawid\u0142owych relacji interpersonalnych osadzonych na warto\u015bciach szacunku i akceptacji drugiego cz\u0142owieka,<\/li><li>kszta\u0142towanie poczucia odpowiedzialno\u015bci za w\u0142asne post\u0119powanie,<\/li><li>kszta\u0142towanie postaw kreatywno\u015bci i samodzielno\u015bci w dzia\u0142aniu,<\/li><li>kszta\u0142towanie i rozbudzanie postaw obywatelskich i patriotycznych oraz poczucia wsp\u00f3lnoty z przedstawicielami innych narod\u00f3w,<\/li><li>rozbudzenie \u015bwiadomo\u015bci i ekspresji kulturalnej uczni\u00f3w,<\/li><li>kszta\u0142towanie aktywnej i odpowiedzialnej postawy wobec zdrowia w\u0142asnego i innych ludzi.<\/li><\/ul>\n\n\n\n<p><strong>Wskazane cele realizujemy poprzez:<\/strong><\/p>\n\n\n\n<ul class=\"wp-block-list\"><li>prowadzenie zaj\u0119\u0107 w kameralnych grupach (klasy maksymalnie do 16 os\u00f3b),<\/li><li>zapewnienie<strong> <\/strong>wysokiego poziomu nauczania<strong>,<\/strong> m.in. poprzez zatrudnianie wysoko wykwalifikowanej i do\u015bwiadczonej kadry pedagogicznej, w tym akademickiej,<\/li><li>efektywn\u0105 nauk\u0119 j\u0119zyk\u00f3w obcych, w tym ze szczeg\u00f3lnym uwzgl\u0119dnieniem j\u0119zyka angielskiego poprzez zwi\u0119kszenie liczby godzin dydaktycznych tego przedmiotu dla wszystkich uczni\u00f3w,<\/li><li>zapewnienie profesjonalnej pomocy psychologiczno-pedagogicznej na terenie szko\u0142y,<\/li><li>wprowadzanie r\u00f3\u017cnorodnych, w tym tak\u017ce aktywizuj\u0105cych form realizacji zaj\u0119\u0107,<\/li><li>szerok\u0105 wsp\u00f3\u0142prac\u0119 z Akademi\u0105 Nauk Stosowanych im. Ksi\u0119cia Mieszka I w Poznaniu w zakresie udzia\u0142u Uczni\u00f3w w wyk\u0142adach i zaj\u0119ciach warsztatowych,<\/li><li>korzystanie z ofert innych uczelni wy\u017cszych<strong> <\/strong>Miasta Poznania,<\/li><li>uczestnictwo w \u017cyciu spo\u0142ecznym naszego miasta, podejmowanie r\u00f3\u017cnorodnych akcji, w tym charytatywnych,<\/li><li>\u017cyczliw\u0105, rodzinn\u0105, nacechowan\u0105 wzajemnym zaufaniem i poczuciem bezpiecze\u0144stwa atmosfer\u0119 w naszej szkole.<\/li><\/ul>\n\n\n\n<p>Mocno wierzymy, i\u017c wyznaczone cele oraz formy ich realizacji powoduj\u0105, \u017ce nasi uczniowie czuj\u0105 si\u0119 u nas bezpiecznie, maj\u0105 poczucie przebywania w\u015br\u00f3d przyjaznych os\u00f3b, kt\u00f3re pomog\u0105 im w rozwi\u0105zywaniu problem\u00f3w.<\/p>\n\n\n\n<p><\/p>\n","protected":false},"excerpt":{"rendered":"<p>Priorytetem w dzia\u0142aniach naszej kadry pedagogicznej jest wspieranie m\u0142odzie\u017cy w zdobywaniu wiedzy, umiej\u0119tno\u015bci i kompetencji spo\u0142ecznych, kt\u00f3re umo\u017cliwi\u0105 im w\u0142a\u015bciw\u0105 interpretacj\u0119 zmieniaj\u0105cej si\u0119 rzeczywisto\u015bci. Mamy nadziej\u0119, \u017ce pomo\u017ce to naszym uczniom dokonywa\u0107 w\u0142a\u015bciwych i \u015bwiadomych wybor\u00f3w zwi\u0105zanych z kszta\u0142towaniem swojej jednostkowej i spo\u0142ecznej to\u017csamo\u015bci, kt\u00f3rej efektem b\u0119dzie budowanie prawid\u0142owych, opartych na wzajemnym szacunku relacji. Chcemy&#8230;<\/p>\n","protected":false},"author":1,"featured_media":455,"parent":168,"menu_order":0,"comment_status":"closed","ping_status":"closed","template":"","meta":{"footnotes":""},"class_list":["post-172","page","type-page","status-publish","has-post-thumbnail","hentry"],"_links":{"self":[{"href":"https:\/\/mieszko.edu.pl\/liceum\/wp-json\/wp\/v2\/pages\/172","targetHints":{"allow":["GET"]}}],"collection":[{"href":"https:\/\/mieszko.edu.pl\/liceum\/wp-json\/wp\/v2\/pages"}],"about":[{"href":"https:\/\/mieszko.edu.pl\/liceum\/wp-json\/wp\/v2\/types\/page"}],"author":[{"embeddable":true,"href":"https:\/\/mieszko.edu.pl\/liceum\/wp-json\/wp\/v2\/users\/1"}],"replies":[{"embeddable":true,"href":"https:\/\/mieszko.edu.pl\/liceum\/wp-json\/wp\/v2\/comments?post=172"}],"version-history":[{"count":8,"href":"https:\/\/mieszko.edu.pl\/liceum\/wp-json\/wp\/v2\/pages\/172\/revisions"}],"predecessor-version":[{"id":2008,"href":"https:\/\/mieszko.edu.pl\/liceum\/wp-json\/wp\/v2\/pages\/172\/revisions\/2008"}],"up":[{"embeddable":true,"href":"https:\/\/mieszko.edu.pl\/liceum\/wp-json\/wp\/v2\/pages\/168"}],"wp:featuredmedia":[{"embeddable":true,"href":"https:\/\/mieszko.edu.pl\/liceum\/wp-json\/wp\/v2\/media\/455"}],"wp:attachment":[{"href":"https:\/\/mieszko.edu.pl\/liceum\/wp-json\/wp\/v2\/media?parent=172"}],"curies":[{"name":"wp","href":"https:\/\/api.w.org\/{rel}","templated":true}]}}