{"id":2,"date":"2019-11-28T15:13:32","date_gmt":"2019-11-28T14:13:32","guid":{"rendered":"http:\/\/mieszko.edu.pl\/liceum\/?page_id=2"},"modified":"2019-12-19T18:05:34","modified_gmt":"2019-12-19T17:05:34","slug":"kontakt","status":"publish","type":"page","link":"https:\/\/mieszko.edu.pl\/liceum\/kontakt\/","title":{"rendered":"Kontakt"},"content":{"rendered":"\n<p>Wpisana tutaj tre\u015b\u0107 nie pojawia si\u0119 na stronie. Wszelkie dane dotycz\u0105ce tej podstrony nale\u017cy zmieni\u0107 w polach poni\u017cej.<\/p>\n","protected":false},"excerpt":{"rendered":"<p>Wpisana tutaj tre\u015b\u0107 nie pojawia si\u0119 na stronie. Wszelkie dane dotycz\u0105ce tej podstrony nale\u017cy zmieni\u0107 w polach poni\u017cej.<\/p>\n","protected":false},"author":1,"featured_media":0,"parent":0,"menu_order":6,"comment_status":"closed","ping_status":"open","template":"templates\/contact.php","meta":{"footnotes":""},"class_list":["post-2","page","type-page","status-publish","hentry"],"_links":{"self":[{"href":"https:\/\/mieszko.edu.pl\/liceum\/wp-json\/wp\/v2\/pages\/2","targetHints":{"allow":["GET"]}}],"collection":[{"href":"https:\/\/mieszko.edu.pl\/liceum\/wp-json\/wp\/v2\/pages"}],"about":[{"href":"https:\/\/mieszko.edu.pl\/liceum\/wp-json\/wp\/v2\/types\/page"}],"author":[{"embeddable":true,"href":"https:\/\/mieszko.edu.pl\/liceum\/wp-json\/wp\/v2\/users\/1"}],"replies":[{"embeddable":true,"href":"https:\/\/mieszko.edu.pl\/liceum\/wp-json\/wp\/v2\/comments?post=2"}],"version-history":[{"count":6,"href":"https:\/\/mieszko.edu.pl\/liceum\/wp-json\/wp\/v2\/pages\/2\/revisions"}],"predecessor-version":[{"id":313,"href":"https:\/\/mieszko.edu.pl\/liceum\/wp-json\/wp\/v2\/pages\/2\/revisions\/313"}],"wp:attachment":[{"href":"https:\/\/mieszko.edu.pl\/liceum\/wp-json\/wp\/v2\/media?parent=2"}],"curies":[{"name":"wp","href":"https:\/\/api.w.org\/{rel}","templated":true}]}}