{"id":200,"date":"2019-12-23T16:51:53","date_gmt":"2019-12-23T15:51:53","guid":{"rendered":"http:\/\/mieszko.edu.pl\/liceum\/?page_id=200"},"modified":"2026-01-02T11:09:38","modified_gmt":"2026-01-02T10:09:38","slug":"zajecia-dodatkowe","status":"publish","type":"page","link":"https:\/\/mieszko.edu.pl\/liceum\/dla-uczniow\/zajecia-dodatkowe\/","title":{"rendered":"Zaj\u0119cia dodatkowe"},"content":{"rendered":"\r\n<p><strong>Proponujemy nast\u0119puj\u0105ce zaj\u0119cia dodatkowe:<\/strong><\/p>\r\n\r\n\r\n\r\n<ul class=\"wp-block-list\">\r\n<li>ko\u0142o fotograficzne,<\/li>\r\n\r\n\r\n\r\n<li>ko\u0142o czytelnicze, <\/li>\r\n\r\n\r\n\r\n\r\n\r\n<li>zaj\u0119cia przedmiotowe \u2013 matematyczne, j\u0119zyka polskiego, j\u0119zyka angielskiego, chemii itp.<\/li>\r\n\r\n\r\n\r\n<li>wolontariat szkolny,<\/li>\r\n\r\n\r\n\r\n<li>zaj\u0119cia sportowe,<\/li>\r\n<li>zaj\u0119cia socjoterapeutyczne.<\/li>\r\n<\/ul>\r\n\r\n\r\n\r\n<ul class=\"wp-block-list\"><\/ul>\r\n\r\n\r\n\r\n<ul class=\"wp-block-list\"><\/ul>\r\n\r\n\r\n\r\n<p>Katalog zaj\u0119\u0107 dodatkowych mo\u017ce si\u0119 zmienia\u0107 w zale\u017cno\u015bci od zg\u0142aszanych przez uczni\u00f3w potrzeb i ich zainteresowa\u0144.<\/p>\r\n","protected":false},"excerpt":{"rendered":"<p>Proponujemy nast\u0119puj\u0105ce zaj\u0119cia dodatkowe: Katalog zaj\u0119\u0107 dodatkowych mo\u017ce si\u0119 zmienia\u0107 w zale\u017cno\u015bci od zg\u0142aszanych przez uczni\u00f3w potrzeb i ich zainteresowa\u0144.<\/p>\n","protected":false},"author":1,"featured_media":415,"parent":177,"menu_order":7,"comment_status":"closed","ping_status":"closed","template":"","meta":{"footnotes":""},"class_list":["post-200","page","type-page","status-publish","has-post-thumbnail","hentry"],"_links":{"self":[{"href":"https:\/\/mieszko.edu.pl\/liceum\/wp-json\/wp\/v2\/pages\/200","targetHints":{"allow":["GET"]}}],"collection":[{"href":"https:\/\/mieszko.edu.pl\/liceum\/wp-json\/wp\/v2\/pages"}],"about":[{"href":"https:\/\/mieszko.edu.pl\/liceum\/wp-json\/wp\/v2\/types\/page"}],"author":[{"embeddable":true,"href":"https:\/\/mieszko.edu.pl\/liceum\/wp-json\/wp\/v2\/users\/1"}],"replies":[{"embeddable":true,"href":"https:\/\/mieszko.edu.pl\/liceum\/wp-json\/wp\/v2\/comments?post=200"}],"version-history":[{"count":8,"href":"https:\/\/mieszko.edu.pl\/liceum\/wp-json\/wp\/v2\/pages\/200\/revisions"}],"predecessor-version":[{"id":4070,"href":"https:\/\/mieszko.edu.pl\/liceum\/wp-json\/wp\/v2\/pages\/200\/revisions\/4070"}],"up":[{"embeddable":true,"href":"https:\/\/mieszko.edu.pl\/liceum\/wp-json\/wp\/v2\/pages\/177"}],"wp:featuredmedia":[{"embeddable":true,"href":"https:\/\/mieszko.edu.pl\/liceum\/wp-json\/wp\/v2\/media\/415"}],"wp:attachment":[{"href":"https:\/\/mieszko.edu.pl\/liceum\/wp-json\/wp\/v2\/media?parent=200"}],"curies":[{"name":"wp","href":"https:\/\/api.w.org\/{rel}","templated":true}]}}