{"id":202,"date":"2019-12-23T16:52:23","date_gmt":"2019-12-23T15:52:23","guid":{"rendered":"http:\/\/mieszko.edu.pl\/liceum\/?page_id=202"},"modified":"2025-07-16T09:33:42","modified_gmt":"2025-07-16T07:33:42","slug":"lista-podrecznikow","status":"publish","type":"page","link":"https:\/\/mieszko.edu.pl\/liceum\/dla-uczniow\/lista-podrecznikow\/","title":{"rendered":"Lista podr\u0119cznik\u00f3w"},"content":{"rendered":"\r\n<p>Podr\u0119czniki dost\u0119pne tutaj:<\/p>\r\n\r\n\r\n\r\n<p>Ksi\u0119garnia Liber<\/p>\r\n\r\n\r\n\r\n<p>ul. Kraszewskiego 19, 60-501 Pozna\u0144<\/p>\r\n\r\n\r\n\r\n<p>tel: +48 604 518 568<\/p>\r\n\r\n\r\n\r\n<p>email:\u00a0<a href=\"mailto:%6d%61%67%61%7a%79%6e@%6b%73%69%65%67%61%72%6e%69%61%6c%69%62%65%72.%70%6c\">magazyn@ksiegarnialiber.pl<\/a><\/p>\r\n\r\n\r\n\r\n<h2 class=\"wp-block-heading\">Wykaz podr\u0119cznik\u00f3w obowi\u0105zuj\u0105cych w roku szkolnym 2025\/2026:<\/h2>\r\n\r\n\r\n\r\n<h3 class=\"wp-block-heading\">klasa I<\/h3>\r\n\r\n\r\n\r\n<p><a href=\"https:\/\/mieszko.edu.pl\/liceum\/wp-content\/uploads\/2025\/07\/Podreczniki-klasa-I_2025_26.pdf\">Zestaw podr\u0119cznik\u00f3w do klasy I<\/a><\/p>\r\n\r\n\r\n\r\n<h3 class=\"wp-block-heading\">klasa II<\/h3>\r\n\r\n\r\n\r\n<p><a href=\"https:\/\/mieszko.edu.pl\/liceum\/wp-content\/uploads\/2025\/07\/Podreczniki-klasa-II_2025_26.pdf\">Zestaw podr\u0119cznik\u00f3w do klasy II<\/a><\/p>\r\n\r\n\r\n\r\n<h3 class=\"wp-block-heading\">klasa III<\/h3>\r\n\r\n\r\n\r\n<p><a href=\"https:\/\/mieszko.edu.pl\/liceum\/wp-content\/uploads\/2025\/07\/Podreczniki-klasa-III_2025_26.pdf\">Zestaw podr\u0119cznik\u00f3w do klasy III<\/a><\/p>\r\n\r\n\r\n\r\n<h3 class=\"wp-block-heading\">klasa IV<\/h3>\r\n\r\n\r\n\r\n<p><a href=\"https:\/\/mieszko.edu.pl\/liceum\/wp-content\/uploads\/2025\/07\/Podreczniki-klasa-IV_2025_26.pdf\">Zestaw podr\u0119cznik\u00f3w do klasy IV<\/a><\/p>\r\n<p>&nbsp;<\/p>\r\n","protected":false},"excerpt":{"rendered":"<p>Podr\u0119czniki dost\u0119pne tutaj: Ksi\u0119garnia Liber ul. Kraszewskiego 19, 60-501 Pozna\u0144 tel: +48 604 518 568 email:\u00a0magazyn@ksiegarnialiber.pl Wykaz podr\u0119cznik\u00f3w obowi\u0105zuj\u0105cych w roku szkolnym 2025\/2026: klasa I Zestaw podr\u0119cznik\u00f3w do klasy I klasa II Zestaw podr\u0119cznik\u00f3w do klasy II klasa III Zestaw podr\u0119cznik\u00f3w do klasy III klasa IV Zestaw podr\u0119cznik\u00f3w do klasy IV &nbsp;<\/p>\n","protected":false},"author":1,"featured_media":414,"parent":177,"menu_order":5,"comment_status":"closed","ping_status":"closed","template":"","meta":{"footnotes":""},"class_list":["post-202","page","type-page","status-publish","has-post-thumbnail","hentry"],"_links":{"self":[{"href":"https:\/\/mieszko.edu.pl\/liceum\/wp-json\/wp\/v2\/pages\/202","targetHints":{"allow":["GET"]}}],"collection":[{"href":"https:\/\/mieszko.edu.pl\/liceum\/wp-json\/wp\/v2\/pages"}],"about":[{"href":"https:\/\/mieszko.edu.pl\/liceum\/wp-json\/wp\/v2\/types\/page"}],"author":[{"embeddable":true,"href":"https:\/\/mieszko.edu.pl\/liceum\/wp-json\/wp\/v2\/users\/1"}],"replies":[{"embeddable":true,"href":"https:\/\/mieszko.edu.pl\/liceum\/wp-json\/wp\/v2\/comments?post=202"}],"version-history":[{"count":34,"href":"https:\/\/mieszko.edu.pl\/liceum\/wp-json\/wp\/v2\/pages\/202\/revisions"}],"predecessor-version":[{"id":3894,"href":"https:\/\/mieszko.edu.pl\/liceum\/wp-json\/wp\/v2\/pages\/202\/revisions\/3894"}],"up":[{"embeddable":true,"href":"https:\/\/mieszko.edu.pl\/liceum\/wp-json\/wp\/v2\/pages\/177"}],"wp:featuredmedia":[{"embeddable":true,"href":"https:\/\/mieszko.edu.pl\/liceum\/wp-json\/wp\/v2\/media\/414"}],"wp:attachment":[{"href":"https:\/\/mieszko.edu.pl\/liceum\/wp-json\/wp\/v2\/media?parent=202"}],"curies":[{"name":"wp","href":"https:\/\/api.w.org\/{rel}","templated":true}]}}