{"id":206,"date":"2019-12-23T16:53:03","date_gmt":"2019-12-23T15:53:03","guid":{"rendered":"http:\/\/mieszko.edu.pl\/liceum\/?page_id=206"},"modified":"2026-01-02T10:10:43","modified_gmt":"2026-01-02T09:10:43","slug":"terminarz-roku-szkolnego","status":"publish","type":"page","link":"https:\/\/mieszko.edu.pl\/liceum\/dla-uczniow\/terminarz-roku-szkolnego\/","title":{"rendered":"Kalendarz roku szkolnego 2025\/2026"},"content":{"rendered":"\r\n<ul class=\"wp-block-list\">\r\n<li>01.09.2025 &#8211; Rozpocz\u0119cie roku szkolnego 2025\/2026<\/li>\r\n\r\n\r\n\r\n<li>01.09.2025- 31.01.2026 &#8211; I p\u00f3\u0142rocze<\/li>\r\n\r\n\r\n\r\n<li>01.02.2026 &#8211; 26.06.2026 &#8211; II p\u00f3\u0142rocze<\/li>\r\n<li>08.09.2025 &#8211; Narodowe czytanie-\u00a0 utwory Jana Kochanowskiego<\/li>\r\n<li>12.09.2025 &#8211; Wyjazd integracyjny klasy I do Kwiejc<\/li>\r\n<li>14.10.2025 &#8211; Dzie\u0144 Edukacji Narodowej<\/li>\r\n<li>02-09.11.2025 &#8211; Szkolna wycieczka do W\u0142och<\/li>\r\n<li>07.11.2025 &#8211; Obchody Dnia Niepodleg\u0142o\u015bci<\/li>\r\n<li>10.11.2025 &#8211; Dodatkowy dzie\u0144 wolny od zaj\u0119\u0107 dydaktycznych<\/li>\r\n<li>11.11.2025 &#8211; \u015awi\u0119to Niepodleg\u0142o\u015bci (dzie\u0144 wolny)<\/li>\r\n<li>18-21.11.2025 &#8211; Pr\u00f3bne matury z Operonem<\/li>\r\n<li>03.12.2025 &#8211; Konsultacje z rodzicami\u00a0<\/li>\r\n<li>19.12.2025 &#8211; Wystawianie zagro\u017ce\u0144 i ocen proponowanych za I p\u00f3\u0142rocze<\/li>\r\n<\/ul>\r\n<ul>\r\n\r\n\r\n\r\n\r\n\r\n\r\n\r\n\r\n<li>22.12.2025- 06.01.2026 &#8211; Zimowa przerwa \u015bwi\u0105teczna<\/li>\r\n<li>12.01-16.01.2026 &#8211; Pr\u00f3bne testy diagnostyczne organizowane przez CKE<\/li>\r\n<li>23.01.2026 &#8211; Wystawienie ocen \u015br\u00f3drocznych<\/li>\r\n<li>28.01.2026- Rada Pedagogiczna-klasyfikacyjna<\/li>\r\n\r\n\r\n\r\n\r\n\r\n<li>04.02.2026 &#8211; Zebrania semestralne z rodzicami<\/li>\r\n<li>06.02.2026 &#8211; Studni\u00f3wka<\/li>\r\n<li>16.02.2026 &#8211; 01.03.2026 &#8211; Ferie zimowe<\/li>\r\n<li>02.04.2026 &#8211; 07.04.2026 &#8211; Wiosenna przerwa \u015bwi\u0105teczna<\/li>\r\n<li>14.04.2026 &#8211; Dzie\u0144 Patrona\u00a0<\/li>\r\n<li>20.04.2026 &#8211; Rada Pedagogiczna-klasyfikacja klas maturalnych<\/li>\r\n\r\n\r\n\r\n\r\n\r\n\r\n\r\n<li>24.04.2026 &#8211; Zako\u0144czenie roku szkolnego klas maturalnych<\/li>\r\n\r\n\r\n\r\n<li>01.05.2026 &#8211; \u015awi\u0119to Pracy (dzie\u0144 wolny)<\/li>\r\n\r\n\r\n\r\n<li>04.05.2026 &#8211; Egzamin maturalny z j\u0119zyka polskiego (dzie\u0144 wolny od zaj\u0119\u0107 dydaktycznych)<\/li>\r\n\r\n\r\n\r\n\r\n\r\n\r\n\r\n<li>05.05.2026 &#8211; Egzamin maturalny z matematyki (dzie\u0144 wolny od zaj\u0119\u0107 dydaktycznych)<\/li>\r\n\r\n\r\n\r\n<li>06.05.2026 &#8211; Egzamin maturalny z j\u0119zyka angielskiego PP (dzie\u0144 wolny od zaj\u0119\u0107 dydaktycznych)<\/li>\r\n<li>07.05.2026 &#8211; Egzamin maturalny z j\u0119zyka angielskiego PR (dzie\u0144 wolny od zaj\u0119\u0107 dydaktycznych)<\/li>\r\n<li>20.05.2026 &#8211; Wystawianie zagro\u017ce\u0144 i ocen proponowanych na koniec roku<\/li>\r\n<li>20.05.2026 &#8211; Konsultacje z rodzicami\u00a0<\/li>\r\n<li>04.06.2026 &#8211; Bo\u017ce Cia\u0142o (dzie\u0144 wolny)<\/li>\r\n\r\n\r\n\r\n\r\n\r\n<li>05.06.2026 &#8211; Dodatkowy dzie\u0144 wolny od zaj\u0119\u0107 dydaktycznych<\/li>\r\n<li>19.06.2026 &#8211; Wystawienie ocen ko\u0144cowych<\/li>\r\n<li>22.06.2026 &#8211; Dzie\u0144 Sportu<\/li>\r\n<li>22.06.2026 &#8211; Rada pedagogiczna &#8211; klasyfikacyjna<\/li>\r\n\r\n\r\n\r\n<li>26.06.2026 &#8211; Uroczyste zako\u0144czenie roku szkolnego 2025\/2026<\/li>\r\n<\/ul>\r\n\r\n\r\n\r\n<p>&nbsp;<\/p>\r\n","protected":false},"excerpt":{"rendered":"<p>&nbsp;<\/p>\n","protected":false},"author":1,"featured_media":417,"parent":177,"menu_order":2,"comment_status":"closed","ping_status":"closed","template":"","meta":{"footnotes":""},"class_list":["post-206","page","type-page","status-publish","has-post-thumbnail","hentry"],"_links":{"self":[{"href":"https:\/\/mieszko.edu.pl\/liceum\/wp-json\/wp\/v2\/pages\/206","targetHints":{"allow":["GET"]}}],"collection":[{"href":"https:\/\/mieszko.edu.pl\/liceum\/wp-json\/wp\/v2\/pages"}],"about":[{"href":"https:\/\/mieszko.edu.pl\/liceum\/wp-json\/wp\/v2\/types\/page"}],"author":[{"embeddable":true,"href":"https:\/\/mieszko.edu.pl\/liceum\/wp-json\/wp\/v2\/users\/1"}],"replies":[{"embeddable":true,"href":"https:\/\/mieszko.edu.pl\/liceum\/wp-json\/wp\/v2\/comments?post=206"}],"version-history":[{"count":22,"href":"https:\/\/mieszko.edu.pl\/liceum\/wp-json\/wp\/v2\/pages\/206\/revisions"}],"predecessor-version":[{"id":4053,"href":"https:\/\/mieszko.edu.pl\/liceum\/wp-json\/wp\/v2\/pages\/206\/revisions\/4053"}],"up":[{"embeddable":true,"href":"https:\/\/mieszko.edu.pl\/liceum\/wp-json\/wp\/v2\/pages\/177"}],"wp:featuredmedia":[{"embeddable":true,"href":"https:\/\/mieszko.edu.pl\/liceum\/wp-json\/wp\/v2\/media\/417"}],"wp:attachment":[{"href":"https:\/\/mieszko.edu.pl\/liceum\/wp-json\/wp\/v2\/media?parent=206"}],"curies":[{"name":"wp","href":"https:\/\/api.w.org\/{rel}","templated":true}]}}