{"id":228,"date":"2019-12-28T19:18:42","date_gmt":"2019-12-28T18:18:42","guid":{"rendered":"http:\/\/mieszko.edu.pl\/liceum\/?page_id=228"},"modified":"2026-01-02T10:56:14","modified_gmt":"2026-01-02T09:56:14","slug":"modul-medyczny","status":"publish","type":"page","link":"https:\/\/mieszko.edu.pl\/liceum\/o-liceum\/jak-ksztalcimy\/modul-medyczny\/","title":{"rendered":"Profil medyczny"},"content":{"rendered":"\r\n<p>Profil ten skierowany jest do uczni\u00f3w nastawionych na rzetelne i sytematyczne pog\u0142\u0119bianie wiedzy z biologii i chemii oraz tych, kt\u00f3rzy my\u015bl\u0105 o wyborze kierunk\u00f3w studi\u00f3w przyrodniczych lub medycznych.<\/p>\r\n\r\n\r\n\r\n<p>Profil medyczny jest idealnym wyborem dla uczni\u00f3w, kt\u00f3rzy w przysz\u0142o\u015bci chc\u0105 studiowa\u0107: medycyn\u0119, farmacj\u0119, stomatologi\u0119, piel\u0119gniarstwo, biotechnologi\u0119, kosmetologi\u0119, fizjoterapi\u0119, ratownictwo medyczne, psychologi\u0119, dietetyk\u0119, ochron\u0119 \u015brodowiska i wiele innych.<\/p>\r\n\r\n\r\n\r\n<p><strong>Przedmioty rozszerzone<\/strong>, kt\u00f3re ucze\u0144 realizuje wybieraj\u0105c profil, to:<\/p>\r\n\r\n\r\n\r\n<ul class=\"wp-block-list\">\r\n<li><strong>biologia<\/strong><\/li>\r\n<li><strong>chemia<\/strong><\/li>\r\n<li><strong>j\u0119zyk angielski<\/strong><\/li>\r\n<\/ul>\r\n\r\n\r\n\r\n<p>Uczniowie, kt\u00f3rzy zgodnie ze swoimi zainteresowaniami (poza przedmiotami rozszerzonymi) wybior\u0105 niniejszy profil, b\u0119d\u0105 mieli mo\u017cliwo\u015b\u0107 uczestniczenia w zaj\u0119ciach fakultatywnych organizowanych poza planem zaj\u0119\u0107, np.:<\/p>\r\n\r\n\r\n\r\n<ul class=\"wp-block-list\">\r\n<li>zaj\u0119cia w laboratorium chemicznym<\/li>\r\n<li>zaj\u0119cia praktyczne z zakresu ratownictwa medycznego i piel\u0119gniarstwa<\/li>\r\n<li>wyk\u0142ady akademickie<\/li>\r\n<li>programowanie<\/li>\r\n<\/ul>\r\n\r\n\r\n\r\n<p>&nbsp;<\/p>\r\n","protected":false},"excerpt":{"rendered":"<p>Profil ten skierowany jest do uczni\u00f3w nastawionych na rzetelne i sytematyczne pog\u0142\u0119bianie wiedzy z biologii i chemii oraz tych, kt\u00f3rzy my\u015bl\u0105 o wyborze kierunk\u00f3w studi\u00f3w przyrodniczych lub medycznych. Profil medyczny jest idealnym wyborem dla uczni\u00f3w, kt\u00f3rzy w przysz\u0142o\u015bci chc\u0105 studiowa\u0107: medycyn\u0119, farmacj\u0119, stomatologi\u0119, piel\u0119gniarstwo, biotechnologi\u0119, kosmetologi\u0119, fizjoterapi\u0119, ratownictwo medyczne, psychologi\u0119, dietetyk\u0119, ochron\u0119 \u015brodowiska i wiele&#8230;<\/p>\n","protected":false},"author":1,"featured_media":352,"parent":174,"menu_order":2,"comment_status":"closed","ping_status":"closed","template":"","meta":{"footnotes":""},"class_list":["post-228","page","type-page","status-publish","has-post-thumbnail","hentry"],"_links":{"self":[{"href":"https:\/\/mieszko.edu.pl\/liceum\/wp-json\/wp\/v2\/pages\/228","targetHints":{"allow":["GET"]}}],"collection":[{"href":"https:\/\/mieszko.edu.pl\/liceum\/wp-json\/wp\/v2\/pages"}],"about":[{"href":"https:\/\/mieszko.edu.pl\/liceum\/wp-json\/wp\/v2\/types\/page"}],"author":[{"embeddable":true,"href":"https:\/\/mieszko.edu.pl\/liceum\/wp-json\/wp\/v2\/users\/1"}],"replies":[{"embeddable":true,"href":"https:\/\/mieszko.edu.pl\/liceum\/wp-json\/wp\/v2\/comments?post=228"}],"version-history":[{"count":20,"href":"https:\/\/mieszko.edu.pl\/liceum\/wp-json\/wp\/v2\/pages\/228\/revisions"}],"predecessor-version":[{"id":4064,"href":"https:\/\/mieszko.edu.pl\/liceum\/wp-json\/wp\/v2\/pages\/228\/revisions\/4064"}],"up":[{"embeddable":true,"href":"https:\/\/mieszko.edu.pl\/liceum\/wp-json\/wp\/v2\/pages\/174"}],"wp:featuredmedia":[{"embeddable":true,"href":"https:\/\/mieszko.edu.pl\/liceum\/wp-json\/wp\/v2\/media\/352"}],"wp:attachment":[{"href":"https:\/\/mieszko.edu.pl\/liceum\/wp-json\/wp\/v2\/media?parent=228"}],"curies":[{"name":"wp","href":"https:\/\/api.w.org\/{rel}","templated":true}]}}