{"id":250,"date":"2019-12-30T12:39:24","date_gmt":"2019-12-30T11:39:24","guid":{"rendered":"http:\/\/mieszko.edu.pl\/liceum\/?page_id=250"},"modified":"2020-01-02T15:50:17","modified_gmt":"2020-01-02T14:50:17","slug":"nota-prawna","status":"publish","type":"page","link":"https:\/\/mieszko.edu.pl\/liceum\/nota-prawna\/","title":{"rendered":"Nota prawna"},"content":{"rendered":"\n<p>Korzystanie ze strony internetowej www.mieszko.edu.pl\/liceum, zwanej dalej \u201eStron\u0105\u201d, jest r\u00f3wnoznaczne z wyra\u017ceniem zgody na przedstawione poni\u017cej warunki, bez mo\u017cliwo\u015bci zg\u0142aszania jakichkolwiek zastrze\u017ce\u0144 co do ich tre\u015bci. Je\u015bli u\u017cytkownik nie akceptuje poni\u017cszych warunk\u00f3w nie jest uprawniony do korzystania ze Strony.<\/p>\n\n\n\n<p>Zarz\u0105dca Prywatnego Liceum Og\u00f3lnokszta\u0142c\u0105cego Mieszko oraz Zarz\u0105dca Serwisu https:\/\/mieszko.edu.pl\/liceum\/ ma prawo do jednostronnego dokonywania zmian i modyfikacji niniejszej noty, za\u015b u\u017cytkownicy Strony obowi\u0105zani s\u0105 do sprawdzania wprowadzonych w tre\u015bci noty zmian. Korzystanie ze Strony po wprowadzeniu zmian w nocie prawnej traktowane b\u0119dzie jako wyra\u017cenie zgody na jej tre\u015b\u0107 oraz na warunki.<\/p>\n\n\n\n<p>Zarz\u0105dca Prywatnego Liceum Og\u00f3lnokszta\u0142c\u0105cego Mieszko oraz Zarz\u0105dca Serwisu https:\/\/mieszko.edu.pl\/liceum\/ wyra\u017ca zgod\u0119, aby u\u017cytkownicy przegl\u0105dali Stron\u0119, drukowali <br>i kopiowali fragmenty Strony wy\u0142\u0105cznie dla u\u017cytku osobistego.<\/p>\n\n\n\n<p>Strona nie mo\u017ce by\u0107 modyfikowana, kopiowana, rozpowszechniana ani publikowana w celach komercyjnych, chyba \u017ce Zarz\u0105dca Prywatnego Liceum Og\u00f3lnokszta\u0142c\u0105cego Mieszko oraz Zarz\u0105dca Serwisu https:\/\/mieszko.edu.pl\/liceum\/ wyrazi na to pisemn\u0105 zgod\u0119.<\/p>\n\n\n\n<p>Wszystkie wykorzystane na Stronie znaki towarowe lub nazwy nale\u017c\u0105 i\/lub s\u0105 zastrze\u017cone przez ich w\u0142a\u015bcicieli i zosta\u0142y u\u017cyte wy\u0142\u0105cznie w celach informacyjnych.<\/p>\n\n\n\n<p>Wszystkie informacje i tre\u015bci zawarte na Stronie zosta\u0142y zebrane i opracowane przez Zarz\u0105dce Prywatnego Liceum Og\u00f3lnokszta\u0142c\u0105cego Mieszko oraz Zarz\u0105dce Serwisu https:\/\/mieszko.edu.pl\/liceum\/ w dobrej wierze i na podstawie \u017ar\u00f3de\u0142 uwa\u017canych za wiarygodne, jednak\u017ce Zarz\u0105dca Prywatnego Liceum Og\u00f3lnokszta\u0142c\u0105cego Mieszko oraz Zarz\u0105dca Serwisu https:\/\/mieszko.edu.pl\/liceum\/ nie ponosi odpowiedzialno\u015bci za:<\/p>\n\n\n\n<ol class=\"wp-block-list\"><li>kompletno\u015b\u0107, rzetelno\u015b\u0107 ani aktualno\u015b\u0107 zamieszczonych informacji i opinii;<\/li><li>decyzje podejmowane przez u\u017cytkownik\u00f3w na podstawie informacji zawartych na Stronie;<\/li><li>skutki wykorzystania przez u\u017cytkownik\u00f3w informacji uzyskanych na Stronie;<\/li><li>zawarto\u015b\u0107 innych stron po\u0142\u0105czonych ze Stron\u0105;<\/li><li>bezpo\u015brednie, po\u015brednie, w szczeg\u00f3lno\u015bci przypadkowe straty, szkody i inne wypadki spowodowane przez u\u017cytkownik\u00f3w lub osoby trzecie powsta\u0142e w wyniku dzia\u0142a\u0144 zwi\u0105zanych z&nbsp;korzystaniem ze Strony;<\/li><li>przerwy w dost\u0119pie do sieci, wszelkie b\u0142\u0119dy systemu komputerowego;<\/li><li>utrat\u0119 danych spowodowan\u0105 awari\u0105 sprz\u0119tu, wirusami, itd.;<\/li><li>dzia\u0142anie os\u00f3b trzecich naruszaj\u0105ce prawo.<\/li><\/ol>\n\n\n\n<p>Tre\u015bci zawarte na Stronie maj\u0105 charakter jedynie informacyjny.<\/p>\n","protected":false},"excerpt":{"rendered":"<p>Korzystanie ze strony internetowej www.mieszko.edu.pl\/liceum, zwanej dalej \u201eStron\u0105\u201d, jest r\u00f3wnoznaczne z wyra\u017ceniem zgody na przedstawione poni\u017cej warunki, bez mo\u017cliwo\u015bci zg\u0142aszania jakichkolwiek zastrze\u017ce\u0144 co do ich tre\u015bci. Je\u015bli u\u017cytkownik nie akceptuje poni\u017cszych warunk\u00f3w nie jest uprawniony do korzystania ze Strony. Zarz\u0105dca Prywatnego Liceum Og\u00f3lnokszta\u0142c\u0105cego Mieszko oraz Zarz\u0105dca Serwisu https:\/\/mieszko.edu.pl\/liceum\/ ma prawo do jednostronnego dokonywania zmian i&#8230;<\/p>\n","protected":false},"author":1,"featured_media":0,"parent":0,"menu_order":97,"comment_status":"closed","ping_status":"closed","template":"","meta":{"footnotes":""},"class_list":["post-250","page","type-page","status-publish","hentry"],"_links":{"self":[{"href":"https:\/\/mieszko.edu.pl\/liceum\/wp-json\/wp\/v2\/pages\/250","targetHints":{"allow":["GET"]}}],"collection":[{"href":"https:\/\/mieszko.edu.pl\/liceum\/wp-json\/wp\/v2\/pages"}],"about":[{"href":"https:\/\/mieszko.edu.pl\/liceum\/wp-json\/wp\/v2\/types\/page"}],"author":[{"embeddable":true,"href":"https:\/\/mieszko.edu.pl\/liceum\/wp-json\/wp\/v2\/users\/1"}],"replies":[{"embeddable":true,"href":"https:\/\/mieszko.edu.pl\/liceum\/wp-json\/wp\/v2\/comments?post=250"}],"version-history":[{"count":4,"href":"https:\/\/mieszko.edu.pl\/liceum\/wp-json\/wp\/v2\/pages\/250\/revisions"}],"predecessor-version":[{"id":279,"href":"https:\/\/mieszko.edu.pl\/liceum\/wp-json\/wp\/v2\/pages\/250\/revisions\/279"}],"wp:attachment":[{"href":"https:\/\/mieszko.edu.pl\/liceum\/wp-json\/wp\/v2\/media?parent=250"}],"curies":[{"name":"wp","href":"https:\/\/api.w.org\/{rel}","templated":true}]}}