{"id":258,"date":"2019-12-30T13:04:42","date_gmt":"2019-12-30T12:04:42","guid":{"rendered":"http:\/\/mieszko.edu.pl\/liceum\/?page_id=258"},"modified":"2020-01-02T15:50:41","modified_gmt":"2020-01-02T14:50:41","slug":"regulamin-uslugi-newslettera","status":"publish","type":"page","link":"https:\/\/mieszko.edu.pl\/liceum\/regulamin-uslugi-newslettera\/","title":{"rendered":"Regulamin us\u0142ugi newslettera"},"content":{"rendered":"\n<p class=\"has-text-align-center\"><strong>\u00a7 1.<\/strong><br><strong>[Postanowienia og\u00f3lne]<\/strong><\/p>\n\n\n\n<ol class=\"wp-block-list\"><li>Regulamin Us\u0142ugi Newsletter, zwanym dalej \u201eRegulaminem\u201d, okre\u015bla zasady \u015bwiadczenia us\u0142ugi dostarczania tre\u015bci drog\u0105 poczty elektronicznej (zwanej dalej \u201eus\u0142ug\u0105 Newsletter\u201d) Operatora Us\u0142ugi.<\/li><li>Operatorem Us\u0142ugi jest Zarz\u0105dca Prywatnego Liceum Og\u00f3lnokszta\u0142c\u0105cego Mieszko oraz Zarz\u0105dca Serwisu https:\/\/mieszko.edu.pl\/liceum\/ , prowadz\u0105cy dzia\u0142alno\u015b\u0107 pod adresem: xx-xxx Pozna\u0144 ul. xxxxxxxxx, o nadanym numerze identyfikacji podatkowej NIP: xxxxxxxxxxxxxx, o nadanym numerze REGON: xxxxxxxxxx, zarejestrowany w xxxxxxxxxxxxxxxxxxxxxxxxxx pod numerem KRS: xxxxxxxxxxxxxx, \u015bwiadcz\u0105cy us\u0142ugi newslettera drog\u0105 elektroniczn\u0105 za po\u015brednictwem Serwisu oraz przechowuj\u0105cy i uzyskuj\u0105cy dost\u0119p do informacji w urz\u0105dzeniach U\u017cytkownika.<\/li><li>Do korzystania z us\u0142ugi Newsletter konieczny jest dost\u0119p do sieci Internet oraz posiadanie adresu poczty elektronicznej (e-mail), natomiast nie jest konieczne spe\u0142nienie szczeg\u00f3lnych wymaga\u0144 technicznych poza posiadaniem standardowego systemu operacyjnego oraz standardowej przegl\u0105darki internetowej.<\/li><\/ol>\n\n\n\n<p class=\"has-text-align-center\"><strong>\u00a7 2.<\/strong><br><strong>[Przedmiot us\u0142ugi]<\/strong><\/p>\n\n\n\n<ol class=\"wp-block-list\"><li>Us\u0142uga Newsletter polega na przesy\u0142aniu przez Operatora Us\u0142ugi na podany przez Klienta adres poczty elektronicznej (e-mail) wiadomo\u015bci zawieraj\u0105cych informacje dotycz\u0105ce oferty (w tym promocji) us\u0142ug dydaktycznych i edukacyjnych oferowanych przez Zarz\u0105dc\u0119 Prywatnego Liceum Og\u00f3lnokszta\u0142c\u0105cego Mieszko oraz Zarz\u0105dc\u0119 Serwisu https:\/\/mieszko.edu.pl\/liceum\/ w domenie mieszko.edu.pl lub partner\u00f3w Zarz\u0105dcy Liceum Og\u00f3lnokszta\u0142c\u0105cego Mieszko.<\/li><li>U\u017cytkownik poprzez zawarcie umowy o \u015bwiadczenie us\u0142ugi Newsletter z Operatorem us\u0142ugi udost\u0119pnia sw\u00f3j adres poczty elektronicznej (e-mail), podany w formularzu rejestracyjnym, w celu otrzymywania wiadomo\u015bci, o kt\u00f3rych mowa w postanowieniach powy\u017cszych.<\/li><li>Rozpocz\u0119cie \u015bwiadczenia us\u0142ugi Newsletter nast\u0105pi po zawarciu umowy o korzystanie z us\u0142ugi Newsletter.<\/li><\/ol>\n\n\n\n<p class=\"has-text-align-center\"><strong>\u00a7 3.<\/strong><br><strong>[Warunki korzystania z newslettera]<\/strong><\/p>\n\n\n\n<ol class=\"wp-block-list\"><li>Us\u0142uga Newsletter jest bezp\u0142atna.<\/li><li>Korzysta\u0107 z us\u0142ugi Newsletter mo\u017ce ka\u017cda osoba, kt\u00f3ra na stronie internetowej w domenie mieszko.edu.pl\/liceum w cz\u0119\u015bci dotycz\u0105cej Newsletter poda sw\u00f3j adres e-mail, a nast\u0119pnie kliknie przycisk \u201eZapisz si\u0119 do newslettera\u201d. Klikni\u0119cie wskazanego przycisku powoduje przes\u0142anie podanego adresu e-mail do Operatora Us\u0142ugi oraz uruchomienie \u015bwiadczenia us\u0142ugi Newsletter.<\/li><li>Klient korzystaj\u0105c z us\u0142ugi Newsletter zobowi\u0105zany jest od powstrzymania si\u0119 od dostarczania tre\u015bci o charakterze bezprawnym, w szczeg\u00f3lno\u015bci w zakresie podawania danych cudzych bez zgody os\u00f3b uprawnionych.<\/li><li>Poszczeg\u00f3lne wiadomo\u015bci, wysy\u0142ane w ramach us\u0142ugi Newsletter, stanowi\u0105 utwory w rozumieniu prawa autorskiego i podlegaj\u0105 ochronie okre\u015blonej w przepisach prawa. Jakiekolwiek kopiowanie, modyfikowanie i wykorzystywanie w spos\u00f3b niezgodny z przeznaczeniem lub bez zgody Operatora Us\u0142ugi stanowi\u0107 mo\u017ce naruszenie prawa.<\/li><\/ol>\n\n\n\n<p class=\"has-text-align-center\"><strong>\u00a7 4.<\/strong><br><strong>[Czas trwania us\u0142ugi]<\/strong><\/p>\n\n\n\n<ol class=\"wp-block-list\"><li>Umowa o korzystanie z us\u0142ugi Newsletter zostaje zawarta na czas nieokre\u015blony.<\/li><li>Klient ma prawo wypowiedzie\u0107 umow\u0119 o korzystanie z us\u0142ugi Newsletter. Wypowiedzenie ma skutek natychmiastowy. Osoba korzystaj\u0105ca z us\u0142ugi Newsletter wypowiada umow\u0119 o korzystanie z tej us\u0142ugi poprzez skierowanie o\u015bwiadczenia w tym przedmiocie na adres mailowy newsletter@mieszko.edu.pl, poczt\u0105 na adres Operatora Us\u0142ugi podany w postanowieniu \u00a7 1 Regulaminu Operator Us\u0142ugi&nbsp; mo\u017ce zawiesi\u0107 b\u0105d\u017a zako\u0144czy\u0107 \u015bwiadczenie us\u0142ugi Newsletter po uprzednim poinformowaniu Klient\u00f3w na podane przez nich adresy e-mail.<\/li><li>Operator Us\u0142ugi ma prawo do usuni\u0119cia nieprawid\u0142owego lub nieistniej\u0105cego adresu e-mail podanego przez Klienta.<\/li><\/ol>\n\n\n\n<p class=\"has-text-align-center\"><strong>\u00a7 5.<\/strong><br><strong>[Ochrona danych osobowych]<\/strong><\/p>\n\n\n\n<ol class=\"wp-block-list\"><li>Operator Us\u0142ugi jest administratorem danych osobowych przetwarzanych w celu \u015bwiadczenia us\u0142ugi Newsletter.<\/li><li>Dane osobowe s\u0105 przetwarzane na podstawie wskazania adresu poczty elektronicznej do realizowania us\u0142ugi Newsletter.<\/li><li>Dane osobowe s\u0105 przetwarzane przez Operatora Us\u0142ugi zgodnie z przepisami prawa oraz wy\u0142\u0105cznie w celach zwi\u0105zanych z realizacj\u0105 us\u0142ugi Newsletter (informowania o us\u0142ugach dost\u0119pnych w ofercie).<\/li><li>Podanie danych osobowych jest dobrowolne, ale konieczne do wykonania Us\u0142ugi Newsletter.<\/li><li>Dane osobowe przechowywane s\u0105 do czasu wycofania zgody na otrzymywanie us\u0142ugi Newsletter. a po tym okresie, na podstawie uzasadnionego interesu Administratora (np. obrona przed roszczeniami).<\/li><li>Operator Us\u0142ugi zapewnia osobom, kt\u00f3rych dane osobowe przetwarza, realizacj\u0119 uprawnie\u0144 wynikaj\u0105cych z przepis\u00f3w prawa, w tym prawa dost\u0119pu do tre\u015bci w\u0142asnych danych osobowych, ich sprostowania, zmiany, usuni\u0119cia lub przenoszenia, a ponadto prawo do \u017c\u0105dania ograniczenia przetwarzania danych osobowych oraz do wniesienia sprzeciwu wobec takiego przetwarzania na zasadach okre\u015blonych w\u0142a\u015bciwymi przepisami. Ka\u017cdej osobie, kt\u00f3rej dane s\u0105 przetwarzane przys\u0142uguje r\u00f3wnie\u017c prawo do wniesienia skargi do Prezesa Urz\u0119du Ochrony Danych Osobowych.<\/li><li>Dane osobowe dotycz\u0105ce Uczestnik\u00f3w s\u0105 chronione przez Operatora Us\u0142ugi&nbsp; przed ich udost\u0119pnieniem osobom nieupowa\u017cnionym, a tak\u017ce innymi przypadkami ich ujawnienia albo utraty lub nieuprawnion\u0105 modyfikacj\u0105 wskazanych danych oraz informacji poprzez stosowanie odpowiednich zabezpiecze\u0144 technicznych i organizacyjnych.<\/li><li>W sprawach dotycz\u0105cych przetwarzania danych osobowych zg\u0142oszonych w toku \u015bwiadczenia us\u0142ugi Newsletter nieuregulowanych w Regulaminie stosuje si\u0119 odpowiednie zapisy Polityki Prywatno\u015bci, kt\u00f3rej tre\u015b\u0107 dost\u0119pna jest na stronie https:\/\/mieszko.edu.pl\/polityka-prywatnosci\/<\/li><\/ol>\n\n\n\n<p class=\"has-text-align-center\"><strong>\u00a7 6.<\/strong><br><strong>[Reklamacje]<\/strong><\/p>\n\n\n\n<ol class=\"wp-block-list\"><li>Reklamacje dotycz\u0105ce us\u0142ugi Newsletter nale\u017cy sk\u0142ada\u0107 na adres mailowy <a href=\"mailto:newsletter@mieszko.edu.pl\">newsletter@mieszko.edu.pl<\/a> poczt\u0105 bezpo\u015brednio na adres: Prywatne Szko\u0142y Mieszko w Poznaniu xx-xxx Pozna\u0144, ul. xxxxxxxxx<\/li><li>W reklamacji nale\u017cy poda\u0107 dane osoby zg\u0142aszaj\u0105cej reklamacj\u0119, niezb\u0119dne do przes\u0142ania informacji o wyniku rozpatrzenia reklamacji oraz opis na czym polega\u0142y nieprawid\u0142owo\u015bci w us\u0142udze Newsletter i jakie s\u0105 oczekiwania wobec rozstrzygni\u0119cia reklamacji.<\/li><li>Operator Us\u0142ugi rozpatruje reklamacj\u0119 w terminie 14 dni od dnia jej otrzymania.<\/li><li>Regulamin wchodzi w \u017cycie w dniu 01.01.2020.<\/li><\/ol>\n","protected":false},"excerpt":{"rendered":"<p>\u00a7 1.[Postanowienia og\u00f3lne] Regulamin Us\u0142ugi Newsletter, zwanym dalej \u201eRegulaminem\u201d, okre\u015bla zasady \u015bwiadczenia us\u0142ugi dostarczania tre\u015bci drog\u0105 poczty elektronicznej (zwanej dalej \u201eus\u0142ug\u0105 Newsletter\u201d) Operatora Us\u0142ugi. Operatorem Us\u0142ugi jest Zarz\u0105dca Prywatnego Liceum Og\u00f3lnokszta\u0142c\u0105cego Mieszko oraz Zarz\u0105dca Serwisu https:\/\/mieszko.edu.pl\/liceum\/ , prowadz\u0105cy dzia\u0142alno\u015b\u0107 pod adresem: xx-xxx Pozna\u0144 ul. xxxxxxxxx, o nadanym numerze identyfikacji podatkowej NIP: xxxxxxxxxxxxxx, o nadanym numerze&#8230;<\/p>\n","protected":false},"author":1,"featured_media":0,"parent":0,"menu_order":95,"comment_status":"closed","ping_status":"closed","template":"","meta":{"footnotes":""},"class_list":["post-258","page","type-page","status-publish","hentry"],"_links":{"self":[{"href":"https:\/\/mieszko.edu.pl\/liceum\/wp-json\/wp\/v2\/pages\/258","targetHints":{"allow":["GET"]}}],"collection":[{"href":"https:\/\/mieszko.edu.pl\/liceum\/wp-json\/wp\/v2\/pages"}],"about":[{"href":"https:\/\/mieszko.edu.pl\/liceum\/wp-json\/wp\/v2\/types\/page"}],"author":[{"embeddable":true,"href":"https:\/\/mieszko.edu.pl\/liceum\/wp-json\/wp\/v2\/users\/1"}],"replies":[{"embeddable":true,"href":"https:\/\/mieszko.edu.pl\/liceum\/wp-json\/wp\/v2\/comments?post=258"}],"version-history":[{"count":2,"href":"https:\/\/mieszko.edu.pl\/liceum\/wp-json\/wp\/v2\/pages\/258\/revisions"}],"predecessor-version":[{"id":290,"href":"https:\/\/mieszko.edu.pl\/liceum\/wp-json\/wp\/v2\/pages\/258\/revisions\/290"}],"wp:attachment":[{"href":"https:\/\/mieszko.edu.pl\/liceum\/wp-json\/wp\/v2\/media?parent=258"}],"curies":[{"name":"wp","href":"https:\/\/api.w.org\/{rel}","templated":true}]}}