{"id":3,"date":"2019-11-28T15:13:32","date_gmt":"2019-11-28T14:13:32","guid":{"rendered":"http:\/\/mieszko.edu.pl\/liceum\/?page_id=3"},"modified":"2020-04-21T13:33:11","modified_gmt":"2020-04-21T11:33:11","slug":"polityka-prywatnosci","status":"publish","type":"page","link":"https:\/\/mieszko.edu.pl\/liceum\/polityka-prywatnosci\/","title":{"rendered":"Polityka prywatno\u015bci"},"content":{"rendered":"\n<p>Niniejszy dokument okre\u015bla zasady zapisywania i uzyskiwania dost\u0119pu do danych na Urz\u0105dzeniach U\u017cytkownik\u00f3w korzystaj\u0105cych z Serwisu do cel\u00f3w \u015bwiadczenia us\u0142ug drog\u0105 elektroniczn\u0105 przez Administratora Serwisu.<\/p>\n\n\n\n<p class=\"has-text-align-center\"><strong>\u00a7 1<br>Definicje<\/strong><\/p>\n\n\n\n<ol class=\"wp-block-list\"><li><strong>Serwis<\/strong> \u2013 serwis internetowy dzia\u0142aj\u0105cy pod adresem <a href=\"https:\/\/mieszko.edu.pl\/liceum\/\">https:\/\/mieszko.edu.pl\/liceum\/<\/a>.<\/li><li><strong>Serwis zewn\u0119trzny<\/strong> \u2013 serwis internetowe partner\u00f3w, us\u0142ugodawc\u00f3w lub us\u0142ugobiorc\u00f3w Administratora.<\/li><li><strong>Administrator<\/strong> \u2013 Prywatne Liceum Og\u00f3lnokszta\u0142c\u0105ce \u201eMieszko\u201d, prowadz\u0105ce dzia\u0142alno\u015b\u0107 pod adresem: 60-321 Pozna\u0144 ul. \u015awierzawska 18, o nadanym numerze REGON: 302476111, zarejestrowane w\u00a0Rejestrze Szk\u00f3\u0142 i Plac\u00f3wek O\u015bwiatowych pod numerem RSPO: 115580, \u015bwiadcz\u0105ce us\u0142ugi drog\u0105 elektroniczn\u0105 za po\u015brednictwem Serwisu oraz przechowuj\u0105ce i\u00a0uzyskuj\u0105ce dost\u0119p do informacji w urz\u0105dzeniach U\u017cytkownika.<\/li><li><strong>U\u017cytkownik<\/strong> \u2013 osoba fizyczna, dla kt\u00f3rej Administrator \u015bwiadczy us\u0142ugi drog\u0105 elektroniczn\u0105 za po\u015brednictwem Serwisu.<\/li><li><strong>Urz\u0105dzenie<\/strong> \u2013 elektroniczne urz\u0105dzenie wraz z oprogramowaniem, za po\u015brednictwem kt\u00f3rego U\u017cytkownik uzyskuje dost\u0119p do Serwisu.<\/li><li><strong>Cookies (ciasteczka) <\/strong>\u2013 dane tekstowe gromadzone w formie plik\u00f3w zamieszczanych na Urz\u0105dzeniu U\u017cytkownika.<\/li><\/ol>\n\n\n\n<p class=\"has-text-align-center\"><strong>\u00a7 2<br>Rodzaje Cookies<\/strong><\/p>\n\n\n\n<ol class=\"wp-block-list\"><li><strong>Cookies wewn\u0119trzne<\/strong> \u2013 pliki zamieszczane i odczytywane z Urz\u0105dzenia U\u017cytkownika przez system teleinformatyczny Serwisu.<\/li><li><strong>Cookies zewn\u0119trzne<\/strong> \u2013 pliki zamieszczane i odczytywane z Urz\u0105dzenia U\u017cytkownika przez systemy teleinformatyczne Serwis\u00f3w zewn\u0119trznych.<\/li><li><strong>Cookies sesyjne<\/strong> \u2013 pliki zamieszczane i odczytywane z Urz\u0105dzenia U\u017cytkownika przez Serwis lub Serwisy zewn\u0119trzne podczas jednej sesji danego Urz\u0105dzenia. Po zako\u0144czeniu sesji pliki s\u0105 usuwane z Urz\u0105dzenia U\u017cytkownika.<\/li><li><strong>Cookies trwa\u0142e<\/strong> \u2013 pliki zamieszczane i odczytywane z Urz\u0105dzenia U\u017cytkownika przez Serwis lub Serwisy zewn\u0119trzne do momentu ich r\u0119cznego usuni\u0119cia. Pliki nie s\u0105 usuwane automatycznie po zako\u0144czeniu sesji Urz\u0105dzenia chyba \u017ce konfiguracja Urz\u0105dzenia U\u017cytkownika jest ustawiona na tryb usuwanie plik\u00f3w Cookie po zako\u0144czeniu sesji Urz\u0105dzenia.<\/li><\/ol>\n\n\n\n<p class=\"has-text-align-center\"><strong>\u00a7 3<br>Bezpiecze\u0144stwo<\/strong><\/p>\n\n\n\n<ol class=\"wp-block-list\"><li><strong>Mechanizmy sk\u0142adowania i odczytu<\/strong> \u2013 mechanizmy sk\u0142adowania i odczytu Cookies nie pozwalaj\u0105 na pobieranie jakichkolwiek danych osobowych ani \u017cadnych informacji poufnych z Urz\u0105dzenia U\u017cytkownika. Przeniesienie na Urz\u0105dzenie U\u017cytkownika wirus\u00f3w, koni troja\u0144skich oraz innych robak\u00f3w jest praktycznie niemo\u017cliwe.<\/li><li><strong>Cookies wewn\u0119trzne<\/strong> \u2013 zastosowane przez Administratora Cookies wewn\u0119trzne s\u0105 bezpieczne dla Urz\u0105dze\u0144 U\u017cytkownik\u00f3w.<\/li><li><strong>Cookies zewn\u0119trzne<\/strong> \u2013 za bezpiecze\u0144stwo plik\u00f3w Cookies pochodz\u0105cych od partner\u00f3w Serwisu Administrator nie ponosi odpowiedzialno\u015bci. Lista partner\u00f3w zamieszczona jest w dalszej cz\u0119\u015bci Polityki Cookies.<\/li><\/ol>\n\n\n\n<p class=\"has-text-align-center\"><strong>\u00a7 4<br>Cele do kt\u00f3rych wykorzystywane s\u0105 pliki Cookies<\/strong><\/p>\n\n\n\n<ol class=\"wp-block-list\"><li><strong>Usprawnienie i u\u0142atwienie dost\u0119pu do Serwisu<\/strong> \u2013 Administrator mo\u017ce przechowywa\u0107 w&nbsp;plikach Cookies informacje o preferencjach i ustawieniach U\u017cytkownika dotycz\u0105cych Serwisu aby usprawni\u0107, polepszy\u0107 i przy\u015bpieszy\u0107 \u015bwiadczenie us\u0142ug w ramach Serwisu.<\/li><li><strong>Logowanie<\/strong> \u2013 Administrator wykorzystuje pliki Cookies do cel\u00f3w logowania U\u017cytkownik\u00f3w w&nbsp;Serwisie.<\/li><li><strong>Marketing i reklama<\/strong> \u2013 Administrator oraz Serwisy zewn\u0119trzne wykorzystuj\u0105 pliki Cookies do&nbsp;cel\u00f3w marketingowych oraz serwowania reklam U\u017cytkownikom.<\/li><li><strong>Dane statystyczne<\/strong> \u2013 Administrator oraz Serwisy zewn\u0119trzne wykorzystuje pliki Cookies do zbierania i przetwarzania danych statystycznych, takich jak np. statystyki odwiedzin, statystyki Urz\u0105dze\u0144 U\u017cytkownik\u00f3w czy statystyki zachowa\u0144 U\u017cytkownik\u00f3w. Dane te zbierane s\u0105 w celu analizy i ulepszania Serwisu.<\/li><li><strong>Us\u0142ugi spo\u0142eczno\u015bciowe<\/strong> \u2013 Administrator oraz Serwisy zewn\u0119trzne wykorzystuj\u0105 pliki Cookies do wsparcia us\u0142ug spo\u0142eczno\u015bciowych.<\/li><\/ol>\n\n\n\n<p class=\"has-text-align-center\"><strong>\u00a7 5<br>Serwisy zewn\u0119trzne<\/strong><\/p>\n\n\n\n<p>Administrator wsp\u00f3\u0142pracuje z nast\u0119puj\u0105cymi serwisami zewn\u0119trznymi, kt\u00f3re mog\u0105 zamieszcza\u0107 pliki Cookies na Urz\u0105dzeniach U\u017cytkownika:<\/p>\n\n\n\n<ol class=\"wp-block-list\"><li>Google Analytics;<\/li><li>Facebook.<\/li><\/ol>\n\n\n\n<p class=\"has-text-align-center\"><strong>\u00a7 6<br>Mo\u017cliwo\u015bci okre\u015blania warunk\u00f3w przechowywania i uzyskiwania dost\u0119pu na Urz\u0105dzeniach U\u017cytkownika przez Serwis i Serwisy zewn\u0119trzne<\/strong><\/p>\n\n\n\n<ol class=\"wp-block-list\"><li>U\u017cytkownik mo\u017ce w dowolnym momencie samodzielnie zmieni\u0107 ustawienia dotycz\u0105ce zapisywania, usuwania oraz dost\u0119pu do danych zapisanych plik\u00f3w Cookies.<\/li><li>Informacje o sposobie wy\u0142\u0105czenia plik\u00f3w Cookies w najpopularniejszych przegl\u0105darkach komputerowych i urz\u0105dze\u0144 mobilnych dost\u0119pna s\u0105 na stronie: <a href=\"https:\/\/jakwylaczyccookie.pl\/jak-wylaczyc-pliki-cookies\/\">https:\/\/jakwylaczyccookie.pl\/jak-wylaczyc-pliki-cookies\/<\/a> .<\/li><li>U\u017cytkownik mo\u017ce w dowolnym momencie usun\u0105\u0107 wszelkie zapisane do tej pory pliki Cookies korzystaj\u0105c z narz\u0119dzi Urz\u0105dzenia U\u017cytkownika za po\u015brednictwem kt\u00f3rego U\u017cytkownik korzysta z us\u0142ug Serwisu.<\/li><\/ol>\n\n\n\n<p class=\"has-text-align-center\"><strong>\u00a7 7<br>Wymagania Serwisu<\/strong><\/p>\n\n\n\n<ol class=\"wp-block-list\"><li>Ograniczenie zapisu i dost\u0119pu do plik\u00f3w Cookies na Urz\u0105dzeniu U\u017cytkownika mo\u017ce spowodowa\u0107 nieprawid\u0142owe dzia\u0142anie niekt\u00f3rych funkcji Serwisu.<\/li><li>Administrator nie ponosi \u017cadnej odpowiedzialno\u015bci za nieprawid\u0142owo dzia\u0142aj\u0105ce funkcje Serwisu, w przypadku gdy U\u017cytkownik ograniczy w jakikolwiek spos\u00f3b mo\u017cliwo\u015b\u0107 zapisywania i odczytu plik\u00f3w Cookies.<\/li><\/ol>\n\n\n\n<p class=\"has-text-align-center\"><strong>\u00a7 8<br>Zmiany w Polityce Cookies<\/strong><\/p>\n\n\n\n<ol class=\"wp-block-list\"><li>Administrator zastrzega sobie prawo do dowolnej zmiany niniejszej Polityki Cookies, bez konieczno\u015bci informowania o tym u\u017cytkownik\u00f3w.<\/li><li>Wprowadzone zmiany w Polityce Cookies zawsze b\u0119d\u0105 publikowane na tej stronie.<\/li><li>Wprowadzone zmiany wchodz\u0105 w \u017cycie w dniu publikacji Polityki Cookies.<\/li><\/ol>\n","protected":false},"excerpt":{"rendered":"<p>Niniejszy dokument okre\u015bla zasady zapisywania i uzyskiwania dost\u0119pu do danych na Urz\u0105dzeniach U\u017cytkownik\u00f3w korzystaj\u0105cych z Serwisu do cel\u00f3w \u015bwiadczenia us\u0142ug drog\u0105 elektroniczn\u0105 przez Administratora Serwisu. \u00a7 1Definicje Serwis \u2013 serwis internetowy dzia\u0142aj\u0105cy pod adresem https:\/\/mieszko.edu.pl\/liceum\/. Serwis zewn\u0119trzny \u2013 serwis internetowe partner\u00f3w, us\u0142ugodawc\u00f3w lub us\u0142ugobiorc\u00f3w Administratora. Administrator \u2013 Prywatne Liceum Og\u00f3lnokszta\u0142c\u0105ce \u201eMieszko\u201d, prowadz\u0105ce dzia\u0142alno\u015b\u0107 pod adresem:&#8230;<\/p>\n","protected":false},"author":1,"featured_media":0,"parent":0,"menu_order":96,"comment_status":"closed","ping_status":"open","template":"","meta":{"footnotes":""},"class_list":["post-3","page","type-page","status-publish","hentry"],"_links":{"self":[{"href":"https:\/\/mieszko.edu.pl\/liceum\/wp-json\/wp\/v2\/pages\/3","targetHints":{"allow":["GET"]}}],"collection":[{"href":"https:\/\/mieszko.edu.pl\/liceum\/wp-json\/wp\/v2\/pages"}],"about":[{"href":"https:\/\/mieszko.edu.pl\/liceum\/wp-json\/wp\/v2\/types\/page"}],"author":[{"embeddable":true,"href":"https:\/\/mieszko.edu.pl\/liceum\/wp-json\/wp\/v2\/users\/1"}],"replies":[{"embeddable":true,"href":"https:\/\/mieszko.edu.pl\/liceum\/wp-json\/wp\/v2\/comments?post=3"}],"version-history":[{"count":3,"href":"https:\/\/mieszko.edu.pl\/liceum\/wp-json\/wp\/v2\/pages\/3\/revisions"}],"predecessor-version":[{"id":752,"href":"https:\/\/mieszko.edu.pl\/liceum\/wp-json\/wp\/v2\/pages\/3\/revisions\/752"}],"wp:attachment":[{"href":"https:\/\/mieszko.edu.pl\/liceum\/wp-json\/wp\/v2\/media?parent=3"}],"curies":[{"name":"wp","href":"https:\/\/api.w.org\/{rel}","templated":true}]}}