{"id":3339,"date":"2024-09-24T13:53:20","date_gmt":"2024-09-24T11:53:20","guid":{"rendered":"https:\/\/mieszko.edu.pl\/liceum\/?page_id=3339"},"modified":"2026-04-09T12:41:28","modified_gmt":"2026-04-09T10:41:28","slug":"akty-normatywne","status":"publish","type":"page","link":"https:\/\/mieszko.edu.pl\/liceum\/o-liceum\/akty-normatywne\/","title":{"rendered":"Akty normatywne"},"content":{"rendered":"<p>&nbsp;<\/p>\n<ol>\n<li><a href=\"https:\/\/mieszko.edu.pl\/liceum\/wp-content\/uploads\/2026\/04\/Statut-LO.pdf\">Statut Liceum<\/a><\/li>\n<li><a href=\"https:\/\/mieszko.edu.pl\/liceum\/wp-content\/uploads\/2026\/04\/STATUT-ZESPOLU.pdf\">Statut Zespo\u0142u Prywatnych Szk\u00f3\u0142 Akademickich MIESZKO<\/a><\/li>\n<li><a href=\"https:\/\/mieszko.edu.pl\/liceum\/wp-content\/uploads\/2024\/09\/standardy-ochrony-dzieci-przed-krzywdzeniem.pdf\">Standardy ochrony dzieci przed krzywdzeniem<\/a><\/li>\n<li><a href=\"https:\/\/mieszko.edu.pl\/liceum\/wp-content\/uploads\/2024\/09\/polityka-ochrony-praw-dziecka-zpsa.pdf\">Polityka ochrony praw dziecka ZPSA MIESZKO<\/a><\/li>\n<\/ol>\n","protected":false},"excerpt":{"rendered":"<p>&nbsp; Statut Liceum Statut Zespo\u0142u Prywatnych Szk\u00f3\u0142 Akademickich MIESZKO Standardy ochrony dzieci przed krzywdzeniem Polityka ochrony praw dziecka ZPSA MIESZKO<\/p>\n","protected":false},"author":20,"featured_media":3343,"parent":168,"menu_order":5,"comment_status":"closed","ping_status":"closed","template":"","meta":{"footnotes":""},"class_list":["post-3339","page","type-page","status-publish","has-post-thumbnail","hentry"],"_links":{"self":[{"href":"https:\/\/mieszko.edu.pl\/liceum\/wp-json\/wp\/v2\/pages\/3339","targetHints":{"allow":["GET"]}}],"collection":[{"href":"https:\/\/mieszko.edu.pl\/liceum\/wp-json\/wp\/v2\/pages"}],"about":[{"href":"https:\/\/mieszko.edu.pl\/liceum\/wp-json\/wp\/v2\/types\/page"}],"author":[{"embeddable":true,"href":"https:\/\/mieszko.edu.pl\/liceum\/wp-json\/wp\/v2\/users\/20"}],"replies":[{"embeddable":true,"href":"https:\/\/mieszko.edu.pl\/liceum\/wp-json\/wp\/v2\/comments?post=3339"}],"version-history":[{"count":13,"href":"https:\/\/mieszko.edu.pl\/liceum\/wp-json\/wp\/v2\/pages\/3339\/revisions"}],"predecessor-version":[{"id":4117,"href":"https:\/\/mieszko.edu.pl\/liceum\/wp-json\/wp\/v2\/pages\/3339\/revisions\/4117"}],"up":[{"embeddable":true,"href":"https:\/\/mieszko.edu.pl\/liceum\/wp-json\/wp\/v2\/pages\/168"}],"wp:featuredmedia":[{"embeddable":true,"href":"https:\/\/mieszko.edu.pl\/liceum\/wp-json\/wp\/v2\/media\/3343"}],"wp:attachment":[{"href":"https:\/\/mieszko.edu.pl\/liceum\/wp-json\/wp\/v2\/media?parent=3339"}],"curies":[{"name":"wp","href":"https:\/\/api.w.org\/{rel}","templated":true}]}}