{"id":39,"date":"2019-12-06T15:25:35","date_gmt":"2019-12-06T14:25:35","guid":{"rendered":"http:\/\/mieszko.edu.pl\/liceum\/?page_id=39"},"modified":"2021-04-12T11:30:40","modified_gmt":"2021-04-12T09:30:40","slug":"sylwetka-absolwenta","status":"publish","type":"page","link":"https:\/\/mieszko.edu.pl\/liceum\/o-liceum\/sylwetka-absolwenta\/","title":{"rendered":"Profil absolwenta Liceum MIESZKO"},"content":{"rendered":"\n<div class=\"wp-block-image\"><figure class=\"alignleft size-medium\"><img loading=\"lazy\" decoding=\"async\" width=\"300\" height=\"200\" src=\"https:\/\/mieszko.edu.pl\/liceum\/wp-content\/uploads\/2020\/04\/chichi-onyekanne-yqZ7Z3ye154-unsplash-300x200.jpg\" alt=\"t\" class=\"wp-image-740\" srcset=\"https:\/\/mieszko.edu.pl\/liceum\/wp-content\/uploads\/2020\/04\/chichi-onyekanne-yqZ7Z3ye154-unsplash-300x200.jpg 300w, https:\/\/mieszko.edu.pl\/liceum\/wp-content\/uploads\/2020\/04\/chichi-onyekanne-yqZ7Z3ye154-unsplash-1024x683.jpg 1024w, https:\/\/mieszko.edu.pl\/liceum\/wp-content\/uploads\/2020\/04\/chichi-onyekanne-yqZ7Z3ye154-unsplash-768x512.jpg 768w, https:\/\/mieszko.edu.pl\/liceum\/wp-content\/uploads\/2020\/04\/chichi-onyekanne-yqZ7Z3ye154-unsplash-391x260.jpg 391w, https:\/\/mieszko.edu.pl\/liceum\/wp-content\/uploads\/2020\/04\/chichi-onyekanne-yqZ7Z3ye154-unsplash-1536x1024.jpg 1536w, https:\/\/mieszko.edu.pl\/liceum\/wp-content\/uploads\/2020\/04\/chichi-onyekanne-yqZ7Z3ye154-unsplash-2048x1365.jpg 2048w\" sizes=\"auto, (max-width: 300px) 100vw, 300px\" \/><\/figure><\/div>\n\n\n\n<p class=\"has-medium-font-size\">Absolwent naszego liceum samodzielnie funkcjonuje w otaczaj\u0105cej rzeczywisto\u015bci, wierzy w siebie, ma okre\u015blone zainteresowania, kt\u00f3re pomog\u0105 mu w wyborze dalszej drogi kszta\u0142cenia.  Cechuje go takt, kultura osobista, jest tolerancyjny i ze zrozumieniem traktuje r\u00f3\u017cnice wynikaj\u0105ce z odmienno\u015bci kulturowej ludzi.                                                                                                                                                                                                                                                  <\/p>\n\n\n\n<p class=\"pt-4\"><\/p>\n\n\n\n<p><strong>Ucze\u0144 i absolwent Liceum Og\u00f3lnokszta\u0142c\u0105cego Mieszko w Poznaniu:<\/strong><\/p>\n\n\n\n<ul class=\"wp-block-list\"><li>potrafi sprawnie porozumiewa\u0107 si\u0119 zar\u00f3wno w j\u0119zyku ojczystym, jak i w  innych j\u0119zykach obcych, zw\u0142aszcza w j\u0119zyku angielskim, niemieckim lub hiszpa\u0144skim,<\/li><li>umie pracowa\u0107 samodzielnie i w zespole,<\/li><li>my\u015bli tw\u00f3rczo i perspektywicznie, potrafi w spos\u00f3b praktyczny wykorzysta\u0107 zdobyte wiadomo\u015bci,<\/li><li>posiada umiej\u0119tno\u015b\u0107 efektywnego uczenia si\u0119 i planowania w\u0142asnego rozwoju,<\/li><li>ma dobrze opanowane i rozwini\u0119te kompetencje matematyczne oraz podstawowe kompetencje naukowo-techniczne, <\/li><li>jest dobrze przygotowany do \u017cycia w spo\u0142ecze\u0144stwie informacyjnym, <\/li><li>jest osob\u0105 \u015bwiadom\u0105 zagro\u017ce\u0144 \u015brodowiska naturalnego, ch\u0119tn\u0105 do dzia\u0142ania na jego korzy\u015b\u0107,<\/li><li>umie odwa\u017cnie podejmowa\u0107 r\u00f3\u017cnego rodzaju inicjatywy prospo\u0142eczne i samorozwojowe,<\/li><li>posiada kompetencje spo\u0142eczne i obywatelskie, kt\u00f3re opr\u00f3cz kultury osobistej, pomagaj\u0105 w nawi\u0105zywaniu relacji spo\u0142ecznych.<\/li><\/ul>\n\n\n\n<p><\/p>\n","protected":false},"excerpt":{"rendered":"<p>Absolwent naszego liceum samodzielnie funkcjonuje w otaczaj\u0105cej rzeczywisto\u015bci, wierzy w siebie, ma okre\u015blone zainteresowania, kt\u00f3re pomog\u0105 mu w wyborze dalszej drogi kszta\u0142cenia. Cechuje go takt, kultura osobista, jest tolerancyjny i ze zrozumieniem traktuje r\u00f3\u017cnice wynikaj\u0105ce z odmienno\u015bci kulturowej ludzi. Ucze\u0144 i absolwent Liceum Og\u00f3lnokszta\u0142c\u0105cego Mieszko w Poznaniu: potrafi sprawnie porozumiewa\u0107 si\u0119 zar\u00f3wno w j\u0119zyku ojczystym,&#8230;<\/p>\n","protected":false},"author":1,"featured_media":462,"parent":168,"menu_order":3,"comment_status":"closed","ping_status":"closed","template":"","meta":{"footnotes":""},"class_list":["post-39","page","type-page","status-publish","has-post-thumbnail","hentry"],"_links":{"self":[{"href":"https:\/\/mieszko.edu.pl\/liceum\/wp-json\/wp\/v2\/pages\/39","targetHints":{"allow":["GET"]}}],"collection":[{"href":"https:\/\/mieszko.edu.pl\/liceum\/wp-json\/wp\/v2\/pages"}],"about":[{"href":"https:\/\/mieszko.edu.pl\/liceum\/wp-json\/wp\/v2\/types\/page"}],"author":[{"embeddable":true,"href":"https:\/\/mieszko.edu.pl\/liceum\/wp-json\/wp\/v2\/users\/1"}],"replies":[{"embeddable":true,"href":"https:\/\/mieszko.edu.pl\/liceum\/wp-json\/wp\/v2\/comments?post=39"}],"version-history":[{"count":26,"href":"https:\/\/mieszko.edu.pl\/liceum\/wp-json\/wp\/v2\/pages\/39\/revisions"}],"predecessor-version":[{"id":1136,"href":"https:\/\/mieszko.edu.pl\/liceum\/wp-json\/wp\/v2\/pages\/39\/revisions\/1136"}],"up":[{"embeddable":true,"href":"https:\/\/mieszko.edu.pl\/liceum\/wp-json\/wp\/v2\/pages\/168"}],"wp:featuredmedia":[{"embeddable":true,"href":"https:\/\/mieszko.edu.pl\/liceum\/wp-json\/wp\/v2\/media\/462"}],"wp:attachment":[{"href":"https:\/\/mieszko.edu.pl\/liceum\/wp-json\/wp\/v2\/media?parent=39"}],"curies":[{"name":"wp","href":"https:\/\/api.w.org\/{rel}","templated":true}]}}